{"id":97,"date":"2013-03-21T00:56:44","date_gmt":"2013-03-20T22:56:44","guid":{"rendered":"http:\/\/www.taaksi.vil.ee\/?page_id=97"},"modified":"2022-09-06T17:22:18","modified_gmt":"2022-09-06T15:22:18","slug":"roomurullid","status":"publish","type":"page","link":"https:\/\/www.taaksi.vil.ee\/?page_id=97","title":{"rendered":"R\u00f5\u00f5murullid"},"content":{"rendered":"<p><span style=\"color: #ff0000;\"><strong>R<\/strong><\/span><span style=\"line-height: 1.4em;\">\u00d5\u00d5MSAMEELSUS<br \/>\n<\/span><span style=\"color: #ff0000;\"><strong>\u00d5<\/strong><\/span><span style=\"line-height: 1.4em;\">HIN<br \/>\n<\/span><span style=\"color: #ff0000;\"><strong>\u00d5<\/strong><\/span><span style=\"line-height: 1.4em;\">PPIMINE<br \/>\n<\/span><span style=\"color: #ff0000;\"><strong>M<\/strong><\/span><span style=\"line-height: 1.4em;\">\u00d5ISTMINE<br \/>\n<\/span><span style=\"color: #ff0000;\"><strong>U<\/strong><\/span><span style=\"line-height: 1.4em;\">SALDUS<br \/>\n<\/span><span style=\"color: #ff0000;\"><strong>R<\/strong><\/span><span style=\"line-height: 1.4em;\">AHULOLU<br \/>\n<\/span><span style=\"color: #ff0000;\"><strong>U<\/strong><\/span><span style=\"line-height: 1.4em;\">STAVUS<br \/>\n<\/span><span style=\"color: #ff0000;\"><strong>L<\/strong><\/span><span style=\"line-height: 1.4em;\">USTLIKKUS<br \/>\n<\/span><span style=\"color: #ff0000;\"><strong>L<\/strong><\/span><span style=\"line-height: 1.4em;\">EIDLIKKUS<\/span><\/p>\n<p><span style=\"line-height: 1.4em;\">Liikumine Tervist Edendavad koolid (TEK) on rahvusvaheline programm, mis sai alguse Maailma Tervishoiuorganisatsiooni, Euroopa N\u00f5ukogu ja Euroopa Komisjoni \u00fchisest projektist. K\u00e4esolevaks ajaks kuulub TEK v\u00f5rgustikku \u00fcle 60 Eesti kooli, 2005.a. oktoobrikuust kuulub TEK koolide hulka ka\u00a0<\/span><strong style=\"line-height: 1.4em;\">T\u00e4\u00e4ksi kool<\/strong><span style=\"line-height: 1.4em;\">.<\/span><\/p>\n<p><span style=\"text-decoration: underline; line-height: 1.4em;\">TEK liikumise p\u00f5him\u00f5tted on:<\/span><\/p>\n<p><strong>VABADUS\u00a0<\/strong>&#8211; ise otsustame, valime, teeme<br \/>\n<strong style=\"line-height: 1.4em;\">SUHTED\u00a0<\/strong><span style=\"line-height: 1.4em;\">&#8211; r\u00f5\u00f5muga koos on koolis m\u00f5nusam<br \/>\n<\/span><strong style=\"line-height: 1.4em;\">OSALEMINE\u00a0<\/strong><span style=\"line-height: 1.4em;\">&#8211; \u00fcks k\u00f5igi, k\u00f5ik \u00fche eest<br \/>\n<\/span><strong style=\"line-height: 1.4em;\">\u00dcHISED EESM\u00c4RGID\u00a0<\/strong><span style=\"line-height: 1.4em;\">&#8211; teame, kuhu l\u00e4heme ja mida soovime<br \/>\n<\/span><strong style=\"line-height: 1.4em;\">VASTUTUS\u00a0<\/strong><span style=\"line-height: 1.4em;\">&#8211; kes otsustab, see vastutab<br \/>\n<\/span><strong style=\"line-height: 1.4em;\">PIDEV UUENEMINE\u00a0<\/strong><span style=\"line-height: 1.4em;\">&#8211; alati saab paremini<br \/>\n<\/span><strong style=\"line-height: 1.4em;\">TOETUS\u00a0<\/strong><span style=\"line-height: 1.4em;\">&#8211; alati on keegi, kes on valmis aitama<br \/>\n<\/span><strong style=\"line-height: 1.4em;\">\u00dcKSTEISEST LUGUPIDAMINE\u00a0<\/strong><span style=\"line-height: 1.4em;\">&#8211; iga\u00fchel on h\u00e4id m\u00f5tteid<br \/>\n<\/span><strong style=\"line-height: 1.4em;\">AVATUS\u00a0<\/strong><span style=\"line-height: 1.4em;\">&#8211; me v\u00f5ime ja tahame olla erinevad ja iga\u00fcks omamoodi<br \/>\n<\/span><strong style=\"line-height: 1.4em;\">R\u00d5\u00d5MSAMEELSUS ja HUUMORIMEEL\u00a0<\/strong><span style=\"line-height: 1.4em;\">&#8211; me meeldime iseendale ja nalja peab ka saama!<\/span><\/p>\n<p><span style=\"line-height: 1.4em;\">Meie eesm\u00e4rk:<br \/>\n<\/span><strong style=\"line-height: 1.4em;\">Liikuda sellise kooli poole, kus k\u00f5igil on hea olla!<\/strong><\/p>\n<p><span style=\"line-height: 1.4em;\">Tervisemeeskond R\u00f5\u00f5murullid kutsub k\u00f5iki osalema meie tegemistes, nautima noor ja terve olemist, et saaksime koos \u00f6elda<br \/>\n<strong style=\"line-height: 1.4em;\">T\u00c4\u00c4KSI KOOLIS OLLA ON UHKE JA H\u00c4\u00c4!<\/strong><\/span><\/p>\n<p><strong style=\"line-height: 1.4em;\"><span style=\"line-height: 1.4em;\">Meie logo<br \/>\n<a href=\"http:\/\/www.taaksi.vil.ee\/wp-content\/uploads\/2013\/09\/image002.gif\"><img loading=\"lazy\" decoding=\"async\" class=\"alignnone size-full wp-image-565\" title=\"TEK_logo\" src=\"http:\/\/www.taaksi.vil.ee\/wp-content\/uploads\/2013\/09\/image002.gif\" alt=\"\" width=\"247\" height=\"235\" \/><\/a><br \/>\n<\/span><\/strong><\/p>\n<p>Meie logol punane \u00f5nnes\u00f5lm. Punane pael hoiab meid koos, annab meile j\u00f5udu, tarkust ja tervist.<\/p>\n<p>\u00dcHISELT KOOS TEGUTSEDES SAAME TUUA R\u00d5\u00d5MU KOOLI.<br \/>\n<span style=\"line-height: 1.4em;\"><br \/>\nMeie logol on neli r\u00f5\u00f5msat naerun\u00e4gu:<br \/>\n<\/span><span style=\"line-height: 1.4em;\">\u00f5pilased<\/span><span style=\"line-height: 1.4em;\"><br \/>\n<\/span><span style=\"line-height: 1.4em;\">\u00f5petajad<\/span><span style=\"line-height: 1.4em;\"><br \/>\n<\/span><span style=\"line-height: 1.4em;\">koolit\u00f6\u00f6tajad<br \/>\n<span style=\"line-height: 1.4em;\">lapsevanemad<\/span><\/span><\/p>\n<p><span style=\"line-height: 1.4em;\">\u00a0<\/span><\/p>\n<p style=\"text-align: center;\">\n<p>&nbsp;<\/p>\n","protected":false},"excerpt":{"rendered":"<p>R\u00d5\u00d5MSAMEELSUS \u00d5HIN \u00d5PPIMINE M\u00d5ISTMINE USALDUS RAHULOLU USTAVUS LUSTLIKKUS LEIDLIKKUS Liikumine Tervist Edendavad koolid (TEK) on rahvusvaheline programm, mis sai alguse Maailma Tervishoiuorganisatsiooni, Euroopa N\u00f5ukogu ja Euroopa Komisjoni \u00fchisest projektist. K\u00e4esolevaks ajaks kuulub TEK v\u00f5rgustikku \u00fcle 60 Eesti kooli, 2005.a. oktoobrikuust kuulub TEK koolide hulka ka\u00a0T\u00e4\u00e4ksi kool. TEK liikumise p\u00f5him\u00f5tted on: VABADUS\u00a0&#8211; ise otsustame, valime, teeme [&hellip;]<\/p>\n","protected":false},"author":2,"featured_media":0,"parent":40,"menu_order":4,"comment_status":"closed","ping_status":"closed","template":"","meta":{"footnotes":""},"class_list":["post-97","page","type-page","status-publish","hentry"],"_links":{"self":[{"href":"https:\/\/www.taaksi.vil.ee\/index.php?rest_route=\/wp\/v2\/pages\/97"}],"collection":[{"href":"https:\/\/www.taaksi.vil.ee\/index.php?rest_route=\/wp\/v2\/pages"}],"about":[{"href":"https:\/\/www.taaksi.vil.ee\/index.php?rest_route=\/wp\/v2\/types\/page"}],"author":[{"embeddable":true,"href":"https:\/\/www.taaksi.vil.ee\/index.php?rest_route=\/wp\/v2\/users\/2"}],"replies":[{"embeddable":true,"href":"https:\/\/www.taaksi.vil.ee\/index.php?rest_route=%2Fwp%2Fv2%2Fcomments&post=97"}],"version-history":[{"count":10,"href":"https:\/\/www.taaksi.vil.ee\/index.php?rest_route=\/wp\/v2\/pages\/97\/revisions"}],"predecessor-version":[{"id":5655,"href":"https:\/\/www.taaksi.vil.ee\/index.php?rest_route=\/wp\/v2\/pages\/97\/revisions\/5655"}],"up":[{"embeddable":true,"href":"https:\/\/www.taaksi.vil.ee\/index.php?rest_route=\/wp\/v2\/pages\/40"}],"wp:attachment":[{"href":"https:\/\/www.taaksi.vil.ee\/index.php?rest_route=%2Fwp%2Fv2%2Fmedia&parent=97"}],"curies":[{"name":"wp","href":"https:\/\/api.w.org\/{rel}","templated":true}]}}