{"id":5678,"date":"2022-09-06T21:44:45","date_gmt":"2022-09-06T19:44:45","guid":{"rendered":"http:\/\/www.taaksi.vil.ee\/?page_id=5678"},"modified":"2022-09-06T21:44:45","modified_gmt":"2022-09-06T19:44:45","slug":"taaksi-noortetuba","status":"publish","type":"page","link":"https:\/\/www.taaksi.vil.ee\/?page_id=5678","title":{"rendered":"T\u00e4\u00e4ksi Noortetuba"},"content":{"rendered":"<p>T\u00e4\u00e4ksi koolimajas\u00a0on avatud\u00a0 esmasp\u00e4eviti ja neljap\u00e4eviti Suure-Jaani Noortekeskuse filiaal T\u00e4\u00e4ksi Noortetuba.<\/p>\n<p>M\u00f5nusat tegevust pakub noorsoot\u00f6\u00f6taja Tjorven Soomets<\/p>\n<p>Vaata lisa aadressilt:<\/p>\n<p><a href=\"https:\/\/www.facebook.com\/T%C3%A4%C3%A4ksi-Noortetuba-1659369797646825\">https:\/\/www.facebook.com\/T%C3%A4%C3%A4ksi-Noortetuba-1659369797646825<\/a><\/p>\n","protected":false},"excerpt":{"rendered":"<p>T\u00e4\u00e4ksi koolimajas\u00a0on avatud\u00a0 esmasp\u00e4eviti ja neljap\u00e4eviti Suure-Jaani Noortekeskuse filiaal T\u00e4\u00e4ksi Noortetuba. M\u00f5nusat tegevust pakub noorsoot\u00f6\u00f6taja Tjorven Soomets Vaata lisa aadressilt: https:\/\/www.facebook.com\/T%C3%A4%C3%A4ksi-Noortetuba-1659369797646825<\/p>\n","protected":false},"author":4,"featured_media":0,"parent":40,"menu_order":2,"comment_status":"closed","ping_status":"closed","template":"","meta":{"footnotes":""},"class_list":["post-5678","page","type-page","status-publish","hentry"],"_links":{"self":[{"href":"https:\/\/www.taaksi.vil.ee\/index.php?rest_route=\/wp\/v2\/pages\/5678"}],"collection":[{"href":"https:\/\/www.taaksi.vil.ee\/index.php?rest_route=\/wp\/v2\/pages"}],"about":[{"href":"https:\/\/www.taaksi.vil.ee\/index.php?rest_route=\/wp\/v2\/types\/page"}],"author":[{"embeddable":true,"href":"https:\/\/www.taaksi.vil.ee\/index.php?rest_route=\/wp\/v2\/users\/4"}],"replies":[{"embeddable":true,"href":"https:\/\/www.taaksi.vil.ee\/index.php?rest_route=%2Fwp%2Fv2%2Fcomments&post=5678"}],"version-history":[{"count":1,"href":"https:\/\/www.taaksi.vil.ee\/index.php?rest_route=\/wp\/v2\/pages\/5678\/revisions"}],"predecessor-version":[{"id":5679,"href":"https:\/\/www.taaksi.vil.ee\/index.php?rest_route=\/wp\/v2\/pages\/5678\/revisions\/5679"}],"up":[{"embeddable":true,"href":"https:\/\/www.taaksi.vil.ee\/index.php?rest_route=\/wp\/v2\/pages\/40"}],"wp:attachment":[{"href":"https:\/\/www.taaksi.vil.ee\/index.php?rest_route=%2Fwp%2Fv2%2Fmedia&parent=5678"}],"curies":[{"name":"wp","href":"https:\/\/api.w.org\/{rel}","templated":true}]}}