{"id":5639,"date":"2022-09-06T16:54:21","date_gmt":"2022-09-06T14:54:21","guid":{"rendered":"http:\/\/www.taaksi.vil.ee\/?page_id=5639"},"modified":"2022-09-06T18:06:44","modified_gmt":"2022-09-06T16:06:44","slug":"uhe-kooli-lugu","status":"publish","type":"page","link":"https:\/\/www.taaksi.vil.ee\/?page_id=5639","title":{"rendered":"\u00dche kooli lugu"},"content":{"rendered":"<p>1875 \u2013 alustas t\u00f6\u00f6d Tillu-Reinu vallakool<br \/>\n1877 \u2013 muudeti kool 3-klassiliseks<br \/>\n1919 \u2013 4-klassilises koolis \u00f5ppis 129 \u00f5pilast<br \/>\n1925 \u2013 t\u00f6\u00f6tas 5-klassiline kool<br \/>\n1927 \u2013 kool muudeti 6-klassiliseks<br \/>\n1929 \u2013 pandi uuele koolimajale nurgakivi<br \/>\n1931 \u2013 avati Tillu-Reinu uus koolihoone<br \/>\n1939 \u2013 T\u00e4\u00e4ksi Mittet\u00e4ielik Keskkool, 7-klassilises koolis on 191 \u00f5pilast<br \/>\n1948 \u2013 suurim \u00f5pilaste arv kooli ajaloos \u2013 224<br \/>\n1952 \u2013 T\u00e4\u00e4ksi 7-klassiline Kool<br \/>\n1961 \u2013 T\u00e4\u00e4ksi 8-klassiline Kool<br \/>\n1964 \u2013 valmib kooli juurdeehitus<br \/>\n1986 \u2013 T\u00e4\u00e4ksi 9-klassiline Kool, ehitati staadion<br \/>\n1988 \u2013 likvideeriti kooli internaat ja kaotati pikap\u00e4evakool<br \/>\n1989 \u2013 t\u00f6\u00f6d alustas kooli raamatukogu<br \/>\n1992 \u2013 T\u00e4\u00e4ksi P\u00f5hikool<br \/>\n1997 \u2013 esimene arvuti<br \/>\n1998 \u2013 arvutiklass 5 arvutiga<br \/>\n2000 \u2013 alustati\u00a0spordihoone\u00a0ehitust, koolis \u00f5pib 134 last<br \/>\n2001 &#8211; 1. septembril avati uus\u00a0spordihoone\u00a0 \u00a0 \u00a0 \u00a0 \u00a0 \u00a0<a href=\"http:\/\/faleza.taaksi.vil.ee\/spordihoone.htm\"> http:\/\/faleza.taaksi.vil.ee\/spordihoone.htm<\/a><br \/>\n2014 &#8211; muudeti Suure-Jaani Kooli tegevuskohaks ja avati lasteaiar\u00fchm<br \/>\n2015 &#8211; 1. septembrist t\u00f6\u00f6tab 6-klassilisena, lasteaias 1 liitr\u00fchm<\/p>\n<p>&nbsp;<\/p>\n<p>&nbsp;<\/p>\n","protected":false},"excerpt":{"rendered":"<p>1875 \u2013 alustas t\u00f6\u00f6d Tillu-Reinu vallakool 1877 \u2013 muudeti kool 3-klassiliseks 1919 \u2013 4-klassilises koolis \u00f5ppis 129 \u00f5pilast 1925 \u2013 t\u00f6\u00f6tas 5-klassiline kool 1927 \u2013 kool muudeti 6-klassiliseks 1929 \u2013 pandi uuele koolimajale nurgakivi 1931 \u2013 avati Tillu-Reinu uus koolihoone 1939 \u2013 T\u00e4\u00e4ksi Mittet\u00e4ielik Keskkool, 7-klassilises koolis on 191 \u00f5pilast 1948 \u2013 suurim \u00f5pilaste arv [&hellip;]<\/p>\n","protected":false},"author":4,"featured_media":0,"parent":7,"menu_order":0,"comment_status":"closed","ping_status":"closed","template":"","meta":{"footnotes":""},"class_list":["post-5639","page","type-page","status-publish","hentry"],"_links":{"self":[{"href":"https:\/\/www.taaksi.vil.ee\/index.php?rest_route=\/wp\/v2\/pages\/5639"}],"collection":[{"href":"https:\/\/www.taaksi.vil.ee\/index.php?rest_route=\/wp\/v2\/pages"}],"about":[{"href":"https:\/\/www.taaksi.vil.ee\/index.php?rest_route=\/wp\/v2\/types\/page"}],"author":[{"embeddable":true,"href":"https:\/\/www.taaksi.vil.ee\/index.php?rest_route=\/wp\/v2\/users\/4"}],"replies":[{"embeddable":true,"href":"https:\/\/www.taaksi.vil.ee\/index.php?rest_route=%2Fwp%2Fv2%2Fcomments&post=5639"}],"version-history":[{"count":4,"href":"https:\/\/www.taaksi.vil.ee\/index.php?rest_route=\/wp\/v2\/pages\/5639\/revisions"}],"predecessor-version":[{"id":5663,"href":"https:\/\/www.taaksi.vil.ee\/index.php?rest_route=\/wp\/v2\/pages\/5639\/revisions\/5663"}],"up":[{"embeddable":true,"href":"https:\/\/www.taaksi.vil.ee\/index.php?rest_route=\/wp\/v2\/pages\/7"}],"wp:attachment":[{"href":"https:\/\/www.taaksi.vil.ee\/index.php?rest_route=%2Fwp%2Fv2%2Fmedia&parent=5639"}],"curies":[{"name":"wp","href":"https:\/\/api.w.org\/{rel}","templated":true}]}}