{"id":51,"date":"2013-03-18T23:52:00","date_gmt":"2013-03-18T21:52:00","guid":{"rendered":"http:\/\/www.taaksi.vil.ee\/?page_id=51"},"modified":"2022-09-06T16:45:50","modified_gmt":"2022-09-06T14:45:50","slug":"vilistlased","status":"publish","type":"page","link":"https:\/\/www.taaksi.vil.ee\/?page_id=51","title":{"rendered":"Vilistlased"},"content":{"rendered":"<p><a href=\"http:\/\/www.taaksi.vil.ee\/?page_id=2578\">2016<\/a><a title=\"T\u00e4\u00e4ksi P\u00f5hikooli l\u00f5petajad aastal 2015\" href=\"http:\/\/www.taaksi.vil.ee\/?page_id=2258\"><br \/>\n2015<br \/>\n<\/a><a title=\"T\u00e4\u00e4ksi P\u00f5hikooli l\u00f5petajad aastal 2014\" href=\"http:\/\/www.taaksi.vil.ee\/?page_id=1297\">2014<br \/>\n<\/a><a style=\"line-height: 1.4em;\" title=\"T\u00e4\u00e4ksi P\u00f5hikooli l\u00f5petajad aastal 2013\" href=\"http:\/\/www.taaksi.vil.ee\/?page_id=471\">2013<br \/>\n<\/a><a style=\"line-height: 1.4em;\" href=\"http:\/\/faleza.taaksi.vil.ee\/vilistlased.htm\" target=\"_blank\">Vilistlased 1926 &#8211; 2012<\/a><\/p>\n<p><a href=\"https:\/\/www.dropbox.com\/sh\/4fwmoab7wgjkmlf\/AAApcif3R9LH5gaRDSRJZNqga?dl=0\" target=\"_blank\">T\u00e4\u00e4ksi kool 140 pildid<\/a><br \/>\n<a href=\"http:\/\/www.taaksi.vil.ee\/?p=2327\" target=\"_blank\">Vilistlaste kokkutulek 17.10.2015<\/a><br \/>\n<span style=\"line-height: 1.4em; color: #292929;\"><a href=\"https:\/\/onedrive.live.com\/?authkey=%21ACrgM9yYkrxnZ28&amp;id=42A8EDEA08D7E00E%21421&amp;cid=42A8EDEA08D7E00E\" target=\"_blank\">2015 Vilistlaste korvpalliturniir<\/a><br \/>\n<a style=\"line-height: 1.4em;\" href=\"http:\/\/klass77.wordpress.com\/\" target=\"_blank\">2012\/2013 \u00f5a 9. klassi blogi<br \/>\n<\/a><\/span><span style=\"line-height: 1.4em;\"><a href=\"http:\/\/ajaraamat.blogspot.com\/\" target=\"_blank\">2010 aasta lend<\/a><br \/>\n<\/span><span style=\"line-height: 1.4em;\"><a href=\"https:\/\/www.online.ee\/sharefile.php?shareid=ee6f5029-9733-41ce-b4ed-bc0900f4d93d\" target=\"_blank\">2003 T\u00e4\u00e4ksi PK l\u00f5petajad<\/a><br \/>\n<\/span><span style=\"line-height: 1.4em;\"><a href=\"http:\/\/faleza.taaksi.vil.ee\/lopp25\/index.htm\" target=\"_blank\">1979.a. l\u00f5petajate &#8211; 25 aastat T\u00e4\u00e4ksi kooli l\u00f5petamisest<\/a><\/span><\/p>\n","protected":false},"excerpt":{"rendered":"<p>2016 2015 2014 2013 Vilistlased 1926 &#8211; 2012 T\u00e4\u00e4ksi kool 140 pildid Vilistlaste kokkutulek 17.10.2015 2015 Vilistlaste korvpalliturniir 2012\/2013 \u00f5a 9. klassi blogi 2010 aasta lend 2003 T\u00e4\u00e4ksi PK l\u00f5petajad 1979.a. l\u00f5petajate &#8211; 25 aastat T\u00e4\u00e4ksi kooli l\u00f5petamisest<\/p>\n","protected":false},"author":2,"featured_media":0,"parent":0,"menu_order":8,"comment_status":"closed","ping_status":"closed","template":"","meta":{"footnotes":""},"class_list":["post-51","page","type-page","status-publish","hentry"],"_links":{"self":[{"href":"https:\/\/www.taaksi.vil.ee\/index.php?rest_route=\/wp\/v2\/pages\/51"}],"collection":[{"href":"https:\/\/www.taaksi.vil.ee\/index.php?rest_route=\/wp\/v2\/pages"}],"about":[{"href":"https:\/\/www.taaksi.vil.ee\/index.php?rest_route=\/wp\/v2\/types\/page"}],"author":[{"embeddable":true,"href":"https:\/\/www.taaksi.vil.ee\/index.php?rest_route=\/wp\/v2\/users\/2"}],"replies":[{"embeddable":true,"href":"https:\/\/www.taaksi.vil.ee\/index.php?rest_route=%2Fwp%2Fv2%2Fcomments&post=51"}],"version-history":[{"count":16,"href":"https:\/\/www.taaksi.vil.ee\/index.php?rest_route=\/wp\/v2\/pages\/51\/revisions"}],"predecessor-version":[{"id":2792,"href":"https:\/\/www.taaksi.vil.ee\/index.php?rest_route=\/wp\/v2\/pages\/51\/revisions\/2792"}],"wp:attachment":[{"href":"https:\/\/www.taaksi.vil.ee\/index.php?rest_route=%2Fwp%2Fv2%2Fmedia&parent=51"}],"curies":[{"name":"wp","href":"https:\/\/api.w.org\/{rel}","templated":true}]}}