{"id":471,"date":"2013-06-21T14:26:05","date_gmt":"2013-06-21T12:26:05","guid":{"rendered":"http:\/\/www.taaksi.vil.ee\/?page_id=471"},"modified":"2024-09-02T19:35:14","modified_gmt":"2024-09-02T17:35:14","slug":"taaksi-pohikooli-lopetajad-aastal-2013","status":"publish","type":"page","link":"https:\/\/www.taaksi.vil.ee\/?page_id=471","title":{"rendered":"T\u00e4\u00e4ksi P\u00f5hikooli l\u00f5petajad aastal 2013"},"content":{"rendered":"<p>1.\u00a0Reelika Ernesaks<br \/>\n2. Maarja Hiiem\u00e4e<br \/>\n3. Henri Ilumets<br \/>\n4. Tiit Kahila<br \/>\n5. Triin Kingisepp<br \/>\n6. M\u00e4rt Kivip\u00f5ld<br \/>\n7. Marta Mikkor<br \/>\n8. Siiri Pollmann<br \/>\n9. Brita Randaru<br \/>\n10. Laura Rink<br \/>\n11. Sander Saar<br \/>\n12. Eero Vallistu<br \/>\n<a style=\"line-height: 1.4em;\" href=\"http:\/\/www.taaksi.vil.ee\/wp-content\/uploads\/2013\/06\/2013.jpg\"><img loading=\"lazy\" decoding=\"async\" class=\"alignnone size-full wp-image-472\" title=\"2013 l\u00f5petajad\" src=\"http:\/\/www.taaksi.vil.ee\/wp-content\/uploads\/2013\/06\/2013.jpg\" alt=\"\" width=\"1024\" height=\"616\" srcset=\"https:\/\/www.taaksi.vil.ee\/wp-content\/uploads\/2013\/06\/2013.jpg 1024w, https:\/\/www.taaksi.vil.ee\/wp-content\/uploads\/2013\/06\/2013-300x180.jpg 300w, https:\/\/www.taaksi.vil.ee\/wp-content\/uploads\/2013\/06\/2013-500x300.jpg 500w\" sizes=\"(max-width: 1024px) 100vw, 1024px\" \/><\/a><\/p>\n","protected":false},"excerpt":{"rendered":"<p>1.\u00a0Reelika Ernesaks 2. Maarja Hiiem\u00e4e 3. Henri Ilumets 4. Tiit Kahila 5. Triin Kingisepp 6. M\u00e4rt Kivip\u00f5ld 7. Marta Mikkor 8. Siiri Pollmann 9. Brita Randaru 10. Laura Rink 11. Sander Saar 12. Eero Vallistu<\/p>\n","protected":false},"author":2,"featured_media":0,"parent":51,"menu_order":0,"comment_status":"closed","ping_status":"closed","template":"","meta":{"footnotes":""},"class_list":["post-471","page","type-page","status-publish","hentry"],"_links":{"self":[{"href":"https:\/\/www.taaksi.vil.ee\/index.php?rest_route=\/wp\/v2\/pages\/471"}],"collection":[{"href":"https:\/\/www.taaksi.vil.ee\/index.php?rest_route=\/wp\/v2\/pages"}],"about":[{"href":"https:\/\/www.taaksi.vil.ee\/index.php?rest_route=\/wp\/v2\/types\/page"}],"author":[{"embeddable":true,"href":"https:\/\/www.taaksi.vil.ee\/index.php?rest_route=\/wp\/v2\/users\/2"}],"replies":[{"embeddable":true,"href":"https:\/\/www.taaksi.vil.ee\/index.php?rest_route=%2Fwp%2Fv2%2Fcomments&post=471"}],"version-history":[{"count":4,"href":"https:\/\/www.taaksi.vil.ee\/index.php?rest_route=\/wp\/v2\/pages\/471\/revisions"}],"predecessor-version":[{"id":7025,"href":"https:\/\/www.taaksi.vil.ee\/index.php?rest_route=\/wp\/v2\/pages\/471\/revisions\/7025"}],"up":[{"embeddable":true,"href":"https:\/\/www.taaksi.vil.ee\/index.php?rest_route=\/wp\/v2\/pages\/51"}],"wp:attachment":[{"href":"https:\/\/www.taaksi.vil.ee\/index.php?rest_route=%2Fwp%2Fv2%2Fmedia&parent=471"}],"curies":[{"name":"wp","href":"https:\/\/api.w.org\/{rel}","templated":true}]}}