{"id":44,"date":"2013-03-18T23:46:27","date_gmt":"2013-03-18T21:46:27","guid":{"rendered":"http:\/\/www.taaksi.vil.ee\/?page_id=44"},"modified":"2023-09-20T22:19:17","modified_gmt":"2023-09-20T20:19:17","slug":"dokumendid","status":"publish","type":"page","link":"https:\/\/www.taaksi.vil.ee\/?page_id=44","title":{"rendered":"T\u00e4\u00e4ksi Haridusselts"},"content":{"rendered":"<p>MT\u00dc T\u00e4\u00e4ksi Haridusselts\u00a0 on Eestis registreeritud ja vabatahtlikkuse alusel<br \/>\n\u00fchinenud f\u00fc\u00fcsiliste isikute iseseisev era\u00f5iguslik kasumit mittetaotlev organisatsioon, mis<br \/>\ntegutseb avalikes huvides ja mille p\u00f5hieesm\u00e4rgiks ei ole majandustegevuse kaudu tulu<br \/>\nsaamine.<\/p>\n<p>Haridusselts asutati paikkonna hariduselu hoidmise ja arendamise eesm\u00e4rgil 2016. aastal.<\/p>\n<p>P\u00d5HIEESM\u00c4RGID:<\/p>\n<ul>\n<li><b><span style=\"font-weight: 400;\">\u00a0<\/span><span style=\"font-weight: 400;\">Piirkonna \u00fchistegevuse organiseerimine ja j\u00e4tkusuutlikkuse toetamine.<\/span><\/b><\/li>\n<\/ul>\n<ul>\n<li><span style=\"font-weight: 400;\">\u00a0<\/span><span style=\"font-weight: 400;\">T\u00e4\u00e4ksi koolist piirkonna kultuuri- ja seltsielu keskuse kujundamine ja piirkonna sotsiaalne areng.<\/span><\/li>\n<\/ul>\n<ul>\n<li><span style=\"font-weight: 400;\">T\u00e4\u00e4ksis hariduse andmise s\u00e4ilitamine ja arendamine.<\/span><\/li>\n<\/ul>\n<p>EETILISE TEGEVUSE P\u00d5HIM\u00d5TTED:<br \/>\npidada t\u00e4htsaks ausust, v\u00f5rdsust, v\u00e4\u00e4rikust, avatust ning soovides anda oma panust turvalise, tasakaalustatud ja hooliva \u00fchiskonna kujundamisse.<\/p>\n<p>ASUTAJALIIKMED:<\/p>\n<p>Margus Mikkor<br \/>\nJ\u00fcri Sulg<br \/>\nMari Randaru<\/p>\n<p>JUHATUS:<\/p>\n<p>Margus Mikkor<br \/>\nMari Randaru<\/p>\n<div><\/div>\n<div><\/div>\n<p><a href=\"http:\/\/www.taaksi.vil.ee\/?attachment_id=5657\" rel=\"attachment wp-att-5657\">T\u00e4\u00e4ksi haridusseltsi p\u00f5hikiri<\/a><\/p>\n<p><a href=\"http:\/\/www.taaksi.vil.ee\/?attachment_id=6356\" target=\"_blank\">T\u00e4\u00e4ksi Haridusselts-aruanne_2022<\/a><\/p>\n<p><a href=\"http:\/\/www.taaksi.vil.ee\/?attachment_id=5743\" rel=\"attachment wp-att-5743\">Taaksi_Haridusselts-aruanne_2021<\/a><\/p>\n<p><a href=\"http:\/\/www.taaksi.vil.ee\/?attachment_id=5741\" rel=\"attachment wp-att-5741\">Taaksi_Haridusselts-aruanne_2020\u00a0<\/a><\/p>\n","protected":false},"excerpt":{"rendered":"<p>MT\u00dc T\u00e4\u00e4ksi Haridusselts\u00a0 on Eestis registreeritud ja vabatahtlikkuse alusel \u00fchinenud f\u00fc\u00fcsiliste isikute iseseisev era\u00f5iguslik kasumit mittetaotlev organisatsioon, mis tegutseb avalikes huvides ja mille p\u00f5hieesm\u00e4rgiks ei ole majandustegevuse kaudu tulu saamine. Haridusselts asutati paikkonna hariduselu hoidmise ja arendamise eesm\u00e4rgil 2016. aastal. P\u00d5HIEESM\u00c4RGID: \u00a0Piirkonna \u00fchistegevuse organiseerimine ja j\u00e4tkusuutlikkuse toetamine. \u00a0T\u00e4\u00e4ksi koolist piirkonna kultuuri- ja seltsielu keskuse kujundamine [&hellip;]<\/p>\n","protected":false},"author":2,"featured_media":0,"parent":0,"menu_order":10,"comment_status":"closed","ping_status":"closed","template":"","meta":{"footnotes":""},"class_list":["post-44","page","type-page","status-publish","hentry"],"_links":{"self":[{"href":"https:\/\/www.taaksi.vil.ee\/index.php?rest_route=\/wp\/v2\/pages\/44"}],"collection":[{"href":"https:\/\/www.taaksi.vil.ee\/index.php?rest_route=\/wp\/v2\/pages"}],"about":[{"href":"https:\/\/www.taaksi.vil.ee\/index.php?rest_route=\/wp\/v2\/types\/page"}],"author":[{"embeddable":true,"href":"https:\/\/www.taaksi.vil.ee\/index.php?rest_route=\/wp\/v2\/users\/2"}],"replies":[{"embeddable":true,"href":"https:\/\/www.taaksi.vil.ee\/index.php?rest_route=%2Fwp%2Fv2%2Fcomments&post=44"}],"version-history":[{"count":34,"href":"https:\/\/www.taaksi.vil.ee\/index.php?rest_route=\/wp\/v2\/pages\/44\/revisions"}],"predecessor-version":[{"id":6357,"href":"https:\/\/www.taaksi.vil.ee\/index.php?rest_route=\/wp\/v2\/pages\/44\/revisions\/6357"}],"wp:attachment":[{"href":"https:\/\/www.taaksi.vil.ee\/index.php?rest_route=%2Fwp%2Fv2%2Fmedia&parent=44"}],"curies":[{"name":"wp","href":"https:\/\/api.w.org\/{rel}","templated":true}]}}