{"id":3641,"date":"2018-05-12T00:04:00","date_gmt":"2018-05-11T22:04:00","guid":{"rendered":"http:\/\/www.taaksi.vil.ee\/?page_id=3641"},"modified":"2024-09-02T19:31:53","modified_gmt":"2024-09-02T17:31:53","slug":"taaksi-jarve-jooks-2018","status":"publish","type":"page","link":"https:\/\/www.taaksi.vil.ee\/?page_id=3641","title":{"rendered":"T\u00e4\u00e4ksi j\u00e4rve jooks 2018"},"content":{"rendered":"<p><a href=\"http:\/\/www.taaksi.vil.ee\/wp-content\/uploads\/2018\/05\/yldjarjestus.pdf\" target=\"_blank\" rel=\"noopener\">\u00dcldj\u00e4rjestus<\/a><br \/>\n<a href=\"https:\/\/photos.app.goo.gl\/ETMqEmyGIqAV782w1\" target=\"_blank\" rel=\"noopener\">Pildid<\/a><br \/>\n<a href=\"http:\/\/www.taaksi.vil.ee\/wp-content\/uploads\/2018\/05\/IMG_20180511_190731.jpg\"><img loading=\"lazy\" decoding=\"async\" class=\"alignnone size-medium wp-image-3642\" src=\"http:\/\/www.taaksi.vil.ee\/wp-content\/uploads\/2018\/05\/IMG_20180511_190731-300x169.jpg\" alt=\"\" width=\"300\" height=\"169\" srcset=\"https:\/\/www.taaksi.vil.ee\/wp-content\/uploads\/2018\/05\/IMG_20180511_190731-300x169.jpg 300w, https:\/\/www.taaksi.vil.ee\/wp-content\/uploads\/2018\/05\/IMG_20180511_190731-768x433.jpg 768w, https:\/\/www.taaksi.vil.ee\/wp-content\/uploads\/2018\/05\/IMG_20180511_190731-1024x577.jpg 1024w, https:\/\/www.taaksi.vil.ee\/wp-content\/uploads\/2018\/05\/IMG_20180511_190731-500x282.jpg 500w\" sizes=\"(max-width: 300px) 100vw, 300px\" \/><\/a>\u00a0<a href=\"http:\/\/www.taaksi.vil.ee\/wp-content\/uploads\/2018\/05\/IMG_20180511_191744.jpg\"><img loading=\"lazy\" decoding=\"async\" class=\"alignnone size-medium wp-image-3643\" src=\"http:\/\/www.taaksi.vil.ee\/wp-content\/uploads\/2018\/05\/IMG_20180511_191744-300x169.jpg\" alt=\"\" width=\"300\" height=\"169\" srcset=\"https:\/\/www.taaksi.vil.ee\/wp-content\/uploads\/2018\/05\/IMG_20180511_191744-300x169.jpg 300w, https:\/\/www.taaksi.vil.ee\/wp-content\/uploads\/2018\/05\/IMG_20180511_191744-768x433.jpg 768w, https:\/\/www.taaksi.vil.ee\/wp-content\/uploads\/2018\/05\/IMG_20180511_191744-1024x577.jpg 1024w, https:\/\/www.taaksi.vil.ee\/wp-content\/uploads\/2018\/05\/IMG_20180511_191744-500x282.jpg 500w\" sizes=\"(max-width: 300px) 100vw, 300px\" \/><\/a>\u00a0<a href=\"http:\/\/www.taaksi.vil.ee\/wp-content\/uploads\/2018\/05\/IMG_20180511_195410.jpg\"><img loading=\"lazy\" decoding=\"async\" class=\"alignnone size-medium wp-image-3644\" src=\"http:\/\/www.taaksi.vil.ee\/wp-content\/uploads\/2018\/05\/IMG_20180511_195410-300x169.jpg\" alt=\"\" width=\"300\" height=\"169\" srcset=\"https:\/\/www.taaksi.vil.ee\/wp-content\/uploads\/2018\/05\/IMG_20180511_195410-300x169.jpg 300w, https:\/\/www.taaksi.vil.ee\/wp-content\/uploads\/2018\/05\/IMG_20180511_195410-768x433.jpg 768w, https:\/\/www.taaksi.vil.ee\/wp-content\/uploads\/2018\/05\/IMG_20180511_195410-1024x577.jpg 1024w, https:\/\/www.taaksi.vil.ee\/wp-content\/uploads\/2018\/05\/IMG_20180511_195410-500x282.jpg 500w\" sizes=\"(max-width: 300px) 100vw, 300px\" \/><\/a>\u00a0<a href=\"http:\/\/www.taaksi.vil.ee\/wp-content\/uploads\/2018\/05\/IMG_20180511_201050_1.jpg\"><img loading=\"lazy\" decoding=\"async\" class=\"alignnone size-medium wp-image-3645\" src=\"http:\/\/www.taaksi.vil.ee\/wp-content\/uploads\/2018\/05\/IMG_20180511_201050_1-300x169.jpg\" alt=\"\" width=\"300\" height=\"169\" srcset=\"https:\/\/www.taaksi.vil.ee\/wp-content\/uploads\/2018\/05\/IMG_20180511_201050_1-300x169.jpg 300w, https:\/\/www.taaksi.vil.ee\/wp-content\/uploads\/2018\/05\/IMG_20180511_201050_1-768x433.jpg 768w, https:\/\/www.taaksi.vil.ee\/wp-content\/uploads\/2018\/05\/IMG_20180511_201050_1-1024x577.jpg 1024w, https:\/\/www.taaksi.vil.ee\/wp-content\/uploads\/2018\/05\/IMG_20180511_201050_1-500x282.jpg 500w\" sizes=\"(max-width: 300px) 100vw, 300px\" \/><\/a><\/p>\n","protected":false},"excerpt":{"rendered":"<p>\u00dcldj\u00e4rjestus Pildid \u00a0\u00a0\u00a0<\/p>\n","protected":false},"author":2,"featured_media":0,"parent":33,"menu_order":0,"comment_status":"closed","ping_status":"closed","template":"","meta":{"footnotes":""},"class_list":["post-3641","page","type-page","status-publish","hentry"],"_links":{"self":[{"href":"https:\/\/www.taaksi.vil.ee\/index.php?rest_route=\/wp\/v2\/pages\/3641"}],"collection":[{"href":"https:\/\/www.taaksi.vil.ee\/index.php?rest_route=\/wp\/v2\/pages"}],"about":[{"href":"https:\/\/www.taaksi.vil.ee\/index.php?rest_route=\/wp\/v2\/types\/page"}],"author":[{"embeddable":true,"href":"https:\/\/www.taaksi.vil.ee\/index.php?rest_route=\/wp\/v2\/users\/2"}],"replies":[{"embeddable":true,"href":"https:\/\/www.taaksi.vil.ee\/index.php?rest_route=%2Fwp%2Fv2%2Fcomments&post=3641"}],"version-history":[{"count":6,"href":"https:\/\/www.taaksi.vil.ee\/index.php?rest_route=\/wp\/v2\/pages\/3641\/revisions"}],"predecessor-version":[{"id":7024,"href":"https:\/\/www.taaksi.vil.ee\/index.php?rest_route=\/wp\/v2\/pages\/3641\/revisions\/7024"}],"up":[{"embeddable":true,"href":"https:\/\/www.taaksi.vil.ee\/index.php?rest_route=\/wp\/v2\/pages\/33"}],"wp:attachment":[{"href":"https:\/\/www.taaksi.vil.ee\/index.php?rest_route=%2Fwp%2Fv2%2Fmedia&parent=3641"}],"curies":[{"name":"wp","href":"https:\/\/api.w.org\/{rel}","templated":true}]}}