{"id":335,"date":"2013-04-14T18:36:43","date_gmt":"2013-04-14T16:36:43","guid":{"rendered":"http:\/\/www.taaksi.vil.ee\/?page_id=335"},"modified":"2022-09-06T17:18:28","modified_gmt":"2022-09-06T15:18:28","slug":"opilaste-tood","status":"publish","type":"page","link":"https:\/\/www.taaksi.vil.ee\/?page_id=335","title":{"rendered":"\u00d5pilaste t\u00f6\u00f6d"},"content":{"rendered":"<p><a href=\"http:\/\/faleza.taaksi.vil.ee\/miljon\" target=\"_blank\"><strong>Miljonim\u00e4ng<\/strong><\/a> &#8211; Programmi autor Deiwin Sarjas<\/p>\n<p><a href=\"http:\/\/faleza.taaksi.vil.ee\/10v\" target=\"_blank\"><strong>K\u00fcmnev\u00f5istluse punktiarvestus<\/strong><\/a> &#8211; Programmi autor Martin Kabanen<\/p>\n<p><a href=\"https:\/\/onedrive.live.com\/?authkey=%21ACrgM9yYkrxnZ28&amp;cid=42A8EDEA08D7E00E&amp;id=42A8EDEA08D7E00E%21458&amp;parId=42A8EDEA08D7E00E%21420&amp;o=OneUp\" target=\"_blank\"><strong>Omaloominguline tants<\/strong><\/a> &#8211; Ketlin K\u00e4o<\/p>\n<p><a href=\"https:\/\/onedrive.live.com\/?authkey=%21ACrgM9yYkrxnZ28&amp;cid=42A8EDEA08D7E00E&amp;id=42A8EDEA08D7E00E%21426&amp;parId=42A8EDEA08D7E00E%21420&amp;o=OneUp\" target=\"_blank\"><strong>Kooli tutvustav video<\/strong><\/a> &#8211; Rando Sulg<\/p>\n<p><a href=\"https:\/\/onedrive.live.com\/?authkey=%21ACrgM9yYkrxnZ28&amp;cid=42A8EDEA08D7E00E&amp;id=42A8EDEA08D7E00E%21423&amp;parId=42A8EDEA08D7E00E%21420&amp;o=OneUp\" target=\"_blank\"><strong>&#8220;T\u00e4\u00e4ksi uudised&#8221;<\/strong><\/a> &#8211; Rando Sulg<\/p>\n<p>&nbsp;<\/p>\n","protected":false},"excerpt":{"rendered":"<p>Miljonim\u00e4ng &#8211; Programmi autor Deiwin Sarjas K\u00fcmnev\u00f5istluse punktiarvestus &#8211; Programmi autor Martin Kabanen Omaloominguline tants &#8211; Ketlin K\u00e4o Kooli tutvustav video &#8211; Rando Sulg &#8220;T\u00e4\u00e4ksi uudised&#8221; &#8211; Rando Sulg &nbsp;<\/p>\n","protected":false},"author":2,"featured_media":0,"parent":5637,"menu_order":10,"comment_status":"closed","ping_status":"closed","template":"","meta":{"footnotes":""},"class_list":["post-335","page","type-page","status-publish","hentry"],"_links":{"self":[{"href":"https:\/\/www.taaksi.vil.ee\/index.php?rest_route=\/wp\/v2\/pages\/335"}],"collection":[{"href":"https:\/\/www.taaksi.vil.ee\/index.php?rest_route=\/wp\/v2\/pages"}],"about":[{"href":"https:\/\/www.taaksi.vil.ee\/index.php?rest_route=\/wp\/v2\/types\/page"}],"author":[{"embeddable":true,"href":"https:\/\/www.taaksi.vil.ee\/index.php?rest_route=\/wp\/v2\/users\/2"}],"replies":[{"embeddable":true,"href":"https:\/\/www.taaksi.vil.ee\/index.php?rest_route=%2Fwp%2Fv2%2Fcomments&post=335"}],"version-history":[{"count":5,"href":"https:\/\/www.taaksi.vil.ee\/index.php?rest_route=\/wp\/v2\/pages\/335\/revisions"}],"predecessor-version":[{"id":2600,"href":"https:\/\/www.taaksi.vil.ee\/index.php?rest_route=\/wp\/v2\/pages\/335\/revisions\/2600"}],"up":[{"embeddable":true,"href":"https:\/\/www.taaksi.vil.ee\/index.php?rest_route=\/wp\/v2\/pages\/5637"}],"wp:attachment":[{"href":"https:\/\/www.taaksi.vil.ee\/index.php?rest_route=%2Fwp%2Fv2%2Fmedia&parent=335"}],"curies":[{"name":"wp","href":"https:\/\/api.w.org\/{rel}","templated":true}]}}