{"id":33,"date":"2013-03-18T17:47:26","date_gmt":"2013-03-18T15:47:26","guid":{"rendered":"http:\/\/www.taaksi.vil.ee\/?page_id=33"},"modified":"2025-05-11T10:36:07","modified_gmt":"2025-05-11T08:36:07","slug":"taaksi-jarve-jooks","status":"publish","type":"page","link":"https:\/\/www.taaksi.vil.ee\/?page_id=33","title":{"rendered":"T\u00e4\u00e4ksi j\u00e4rve jooks"},"content":{"rendered":"\n<p><\/p>\n\n\n<p>\u00a0<\/p>\n<p><a href=\"http:\/\/www.taaksi.vil.ee\/wp-content\/uploads\/2025\/05\/Taaksi-jarve-jooks-2025.pdf\">T\u00e4\u00e4ksi j\u00e4rve jooksu tulemused 2025<\/a><br \/><a href=\"http:\/\/www.taaksi.vil.ee\/wp-content\/uploads\/2025\/05\/Vanuseklassid.pdf\">Vanuseklassid 2025<\/a><br \/><a href=\"http:\/\/www.taaksi.vil.ee\/wp-content\/uploads\/2025\/05\/Mehed_naised.pdf\">Mehed\/Naised protokoll 2025<\/a><\/p>\n<p><a href=\"http:\/\/www.taaksi.vil.ee\/wp-content\/uploads\/2024\/05\/Taaksi-Uldprotokoll-2024.pdf\">T\u00e4\u00e4ksi j\u00e4rve jooksu tulemused 2024<\/a><br \/><a href=\"http:\/\/www.taaksi.vil.ee\/wp-content\/uploads\/2023\/05\/ResultListsvanusegrupidprotokoll_2023.pdf\" target=\"_blank\" rel=\"noopener\">Vanuse<\/a>klassid 2024<br \/><a href=\"http:\/\/www.taaksi.vil.ee\/wp-content\/uploads\/2023\/05\/ResultListsvanusegrupidMNprotokoll_2023.pdf\" target=\"_blank\" rel=\"noopener\">Mehed\/Naised <\/a>protokoll 2024<\/p>\n<p><a href=\"http:\/\/www.taaksi.vil.ee\/wp-content\/uploads\/2023\/05\/ResultListsfiniiprotokoll_2023.pdf\" target=\"_blank\" rel=\"noopener\">T\u00e4\u00e4ksi j\u00e4rve jooksu tulemused 2023<\/a><br \/><a href=\"http:\/\/www.taaksi.vil.ee\/wp-content\/uploads\/2023\/05\/ResultListsvanusegrupidprotokoll_2023.pdf\" target=\"_blank\" rel=\"noopener\">Vanuseklassid 2023<\/a><br \/><a href=\"http:\/\/www.taaksi.vil.ee\/wp-content\/uploads\/2023\/05\/ResultListsvanusegrupidMNprotokoll_2023.pdf\" target=\"_blank\" rel=\"noopener\">Mehed\/Naised protokoll 2023<\/a><br \/><a href=\"https:\/\/photos.app.goo.gl\/oVdB4T78UqDp2LTe7\" target=\"_blank\" rel=\"noopener\">Pildid 2023<\/a><\/p>\n<p><a href=\"http:\/\/www.taaksi.vil.ee\/wp-content\/uploads\/2022\/05\/T\u00e4\u00e4ksi-jooks-\u00fcldarvestuse-protokoll-2022.pdf\" target=\"_blank\" rel=\"noopener\">T\u00e4\u00e4ksi j\u00e4rve jooksu tulemused 2022<\/a><br \/><a href=\"http:\/\/www.taaksi.vil.ee\/wp-content\/uploads\/2022\/05\/ResultListsvanusegrupidprotokoll.pdf\" target=\"_blank\" rel=\"noopener\">Vanuseklassid 2022<br \/><\/a><a href=\"https:\/\/photos.app.goo.gl\/g2b2RxwJTNmecxbx6\" target=\"_blank\" rel=\"noopener\">Pildid 2022<\/a><\/p>\n<p><a href=\"http:\/\/www.taaksi.vil.ee\/wp-content\/uploads\/2021\/07\/2021-1.pdf\" target=\"_blank\" rel=\"noopener\">T\u00e4\u00e4ksi j\u00e4rve jooksu tulemused 2021<\/a><br \/><a href=\"http:\/\/www.taaksi.vil.ee\/wp-content\/uploads\/2021\/07\/2021-2.pdf\" target=\"_blank\" rel=\"noopener\">Vanuseklassid 2021<br \/><\/a><a href=\"https:\/\/photos.app.goo.gl\/Ewq7ruWugd5u1t1a8\" target=\"_blank\" rel=\"noopener\">Pildid 2021<\/a><\/p>\n<p><a href=\"http:\/\/www.taaksi.vil.ee\/wp-content\/uploads\/2020\/07\/2020-protokoll.pdf\" target=\"_blank\" rel=\"noopener\">T\u00e4\u00e4ksi j\u00e4rve jooksu tulemused 2020<\/a><br \/><a href=\"http:\/\/www.taaksi.vil.ee\/wp-content\/uploads\/2020\/07\/vanusegrupid_2020.pdf\" target=\"_blank\" rel=\"noopener\">Vanuseklassid 2020<br \/><\/a><a href=\"https:\/\/photos.app.goo.gl\/PTumourENqQojtRC9\" target=\"_blank\" rel=\"noopener\">Pildid T\u00e4\u00e4ksi j\u00e4rve jooksust 2020<\/a><\/p>\n<p><a href=\"http:\/\/www.taaksi.vil.ee\/wp-content\/uploads\/2019\/05\/protokoll_2019.pdf\" target=\"_blank\" rel=\"noopener\">T\u00e4\u00e4ksi j\u00e4rve jooksu tulemused 2019<br \/><\/a><a href=\"https:\/\/photos.google.com\/share\/AF1QipPyYtLpxuDfMWiQTHO1soHD9mqJmGfHUOdPct--WuCghPlFhHw19gsOs10-OSv7oA?fbclid=IwAR3C3nCvQHuhrkElZDRszY9vmblYeWjAHFti-By402NfKiTdTVCPiNshU7M&amp;key=ekZIbGJyZDI2aDJMTzd0QTdkR1lvYnl5LUhDc05B\" target=\"_blank\" rel=\"noopener\">Pildid T\u00e4\u00e4ksi j\u00e4rve jooksust 2019<\/a><\/p>\n<p><a href=\"http:\/\/www.taaksi.vil.ee\/?page_id=3641\" target=\"_blank\" rel=\"noopener\">T\u00e4\u00e4ksi j\u00e4rve jooksu tulemused 2018<\/a><\/p>\n<p><a href=\"http:\/\/www.taaksi.vil.ee\/?page_id=3068\" target=\"_blank\" rel=\"noopener\">T\u00e4\u00e4ksi j\u00e4rve jooksu tulemused 2017<\/a><\/p>\n<p><a href=\"http:\/\/www.taaksi.vil.ee\/?page_id=2511\" target=\"_blank\" rel=\"noopener\">T\u00e4\u00e4ksi j\u00e4rve jooksu tulemused 2016<\/a><strong><a href=\"http:\/\/www.taaksi.vil.ee\/?page_id=2511\" target=\"_blank\" rel=\"noopener\"><br \/><\/a><\/strong><a href=\"http:\/\/www.facebook.com\/l.php?u=http%3A%2F%2Fnagi.ee%2Fphotos%2FKkass%2Fsets%2F402363%2F&amp;h=nAQE3pa59\" target=\"_blank\" rel=\"noopener\">Pildid T\u00e4\u00e4ksi j\u00e4rve jooksust 2016<\/a><br \/><a href=\"https:\/\/www.facebook.com\/l.php?u=https%3A%2F%2Fonedrive.live.com%2F%3Fauthkey%3D%2521AN35cjnvsefQ4t4%26id%3DA6B1E28106AFC481%2521761%26cid%3DA6B1E28106AFC481&amp;h=nAQE3pa59\" target=\"_blank\" rel=\"noopener\">Pildid T\u00e4\u00e4ksi j\u00e4rve jooksust 2016<\/a><\/p>\n<p><a href=\"http:\/\/faleza.taaksi.vil.ee\/jarvejooks\/2015.html\" target=\"_blank\" rel=\"noopener\">T\u00e4\u00e4ksi j\u00e4rve jooksu tulemused 2015<\/a><strong><a href=\"http:\/\/faleza.taaksi.vil.ee\/jarvejooks\/2015.html\" target=\"_blank\" rel=\"noopener\"><br \/><\/a><\/strong><a href=\"https:\/\/youtu.be\/G3IrzIXgLa0\" target=\"_blank\" rel=\"noopener\">Video T\u00e4\u00e4ksi j\u00e4rve jooksust 2015<\/a><\/p>\n<p><a href=\"http:\/\/faleza.taaksi.vil.ee\/jarvejooks\/2014.html\" target=\"_blank\" rel=\"noopener\">T\u00e4\u00e4ksi j\u00e4rve jooksu tulemused 2014<\/a><strong><a href=\"http:\/\/faleza.taaksi.vil.ee\/jarvejooks\/2014.html\" target=\"_blank\" rel=\"noopener\"><br \/><\/a><\/strong><a style=\"line-height: 1.4em;\" href=\"https:\/\/drive.google.com\/folderview?id=0Bxg-gG-54xNcN29IMDNSZF9ncXc&amp;usp=sharing\" target=\"_blank\" rel=\"noopener\">Pildid T\u00e4\u00e4ksi j\u00e4rve jooksust 2014<\/a><\/p>\n<p><a href=\"http:\/\/faleza.taaksi.vil.ee\/jarvejooks\/2013.html\" target=\"_blank\" rel=\"noopener\">T\u00e4\u00e4ksi j\u00e4rve jooksu tulemused 2013<br \/><\/a><a style=\"line-height: 1.4em;\" href=\"https:\/\/plus.google.com\/photos\/102590042355062880350\/albums\/5876414206933815953\" target=\"_blank\" rel=\"noopener\">Pildid T\u00e4\u00e4ksi j\u00e4rve jooksust 2013-1<br \/><\/a><a style=\"line-height: 1.4em;\" href=\"https:\/\/onedrive.live.com\/?authkey=%21ADLwIMKZGAxBjeI&amp;id=EF50FD0E6B849E56%21290&amp;cid=EF50FD0E6B849E56\" target=\"_blank\" rel=\"noopener\">Pildid T\u00e4\u00e4ksi j\u00e4rve jooksust 2013-2<\/a><\/p>\n<p><a href=\"http:\/\/faleza.taaksi.vil.ee\/jarvejooks\/jarvejooks.htm\" target=\"_blank\" rel=\"noopener\">T\u00e4\u00e4ksi j\u00e4rve jooksud aastatel \u00a01984 &#8211; 2012<\/a><\/p>","protected":false},"excerpt":{"rendered":"<p>\u00a0 T\u00e4\u00e4ksi j\u00e4rve jooksu tulemused 2025Vanuseklassid 2025Mehed\/Naised protokoll 2025 T\u00e4\u00e4ksi j\u00e4rve jooksu tulemused 2024Vanuseklassid 2024Mehed\/Naised protokoll 2024 T\u00e4\u00e4ksi j\u00e4rve jooksu tulemused 2023Vanuseklassid 2023Mehed\/Naised protokoll 2023Pildid 2023 T\u00e4\u00e4ksi j\u00e4rve jooksu tulemused 2022Vanuseklassid 2022Pildid 2022 T\u00e4\u00e4ksi j\u00e4rve jooksu tulemused 2021Vanuseklassid 2021Pildid 2021 T\u00e4\u00e4ksi j\u00e4rve jooksu tulemused 2020Vanuseklassid 2020Pildid T\u00e4\u00e4ksi j\u00e4rve jooksust 2020 T\u00e4\u00e4ksi j\u00e4rve jooksu tulemused 2019Pildid [&hellip;]<\/p>\n","protected":false},"author":2,"featured_media":0,"parent":31,"menu_order":5,"comment_status":"closed","ping_status":"closed","template":"","meta":{"footnotes":""},"class_list":["post-33","page","type-page","status-publish","hentry"],"_links":{"self":[{"href":"https:\/\/www.taaksi.vil.ee\/index.php?rest_route=\/wp\/v2\/pages\/33"}],"collection":[{"href":"https:\/\/www.taaksi.vil.ee\/index.php?rest_route=\/wp\/v2\/pages"}],"about":[{"href":"https:\/\/www.taaksi.vil.ee\/index.php?rest_route=\/wp\/v2\/types\/page"}],"author":[{"embeddable":true,"href":"https:\/\/www.taaksi.vil.ee\/index.php?rest_route=\/wp\/v2\/users\/2"}],"replies":[{"embeddable":true,"href":"https:\/\/www.taaksi.vil.ee\/index.php?rest_route=%2Fwp%2Fv2%2Fcomments&post=33"}],"version-history":[{"count":47,"href":"https:\/\/www.taaksi.vil.ee\/index.php?rest_route=\/wp\/v2\/pages\/33\/revisions"}],"predecessor-version":[{"id":7736,"href":"https:\/\/www.taaksi.vil.ee\/index.php?rest_route=\/wp\/v2\/pages\/33\/revisions\/7736"}],"up":[{"embeddable":true,"href":"https:\/\/www.taaksi.vil.ee\/index.php?rest_route=\/wp\/v2\/pages\/31"}],"wp:attachment":[{"href":"https:\/\/www.taaksi.vil.ee\/index.php?rest_route=%2Fwp%2Fv2%2Fmedia&parent=33"}],"curies":[{"name":"wp","href":"https:\/\/api.w.org\/{rel}","templated":true}]}}