{"id":3068,"date":"2017-05-12T22:03:35","date_gmt":"2017-05-12T20:03:35","guid":{"rendered":"http:\/\/www.taaksi.vil.ee\/?page_id=3068"},"modified":"2024-09-02T19:30:51","modified_gmt":"2024-09-02T17:30:51","slug":"taaksi-jarve-jooks-2017","status":"publish","type":"page","link":"https:\/\/www.taaksi.vil.ee\/?page_id=3068","title":{"rendered":"T\u00e4\u00e4ksi j\u00e4rve jooks 2017"},"content":{"rendered":"<p style=\"text-align: center;\"><strong>XXXIV T\u00c4\u00c4KSI J\u00c4RVE JOOKS<\/strong><br \/>\n<strong> 12.MAI 2017<\/strong><\/p>\n<p>1. \u00dclari Kais 10:51.74<br \/>\n2. Raivo N\u00f5mm 10:59.76<br \/>\n3. Aaron Kais 11:08.23<br \/>\n4. Indrek Hubel 11:16.93<br \/>\n5. Janar P\u00e4hn 11:17.74<br \/>\n6. Marek K\u00fctt 11:42.15<br \/>\n7. Jaan J\u00e4nes 11:43.51<br \/>\n8. Janar Bergmann 11:48.26<br \/>\n9. Marek M\u00e4rtson 11:50.36<br \/>\n10. Jaanus Johanson 12:10.33<br \/>\n11. Mats Mikkor 12:17.39<br \/>\n12. Aleks Permyakov 12:25.62<br \/>\n13. Heigo Sarikas 12:26.42<br \/>\n14. Tarmo Vildersen 12:28.87<br \/>\n15. Anette Peltser 12:32.12<br \/>\n16. Riho Meerits 12:35.23<br \/>\n17. Geron Vidder 12:37.33<br \/>\n18. Indrek V\u00f5hum\u00f5\u00f5k 12:37.56<br \/>\n19. Priit Ervald 12:51.01<br \/>\n20. Rivo Subi 12:58.34<br \/>\n21. Martin Braun 13:15.45<br \/>\n22. Edvin Ast 13:17.81<br \/>\n23. Oliver Hirv 13:18.33<br \/>\n24. Martin Liiva 13:21.92<br \/>\n25. Inga Kree 13:28.77<br \/>\n26. Danel Leppenen 13:31.09<br \/>\n27. Roomet Laos 13:39.89<br \/>\n28. Kert Piirak 13:40.40<br \/>\n29. Kaimo Maiste 13:43.49<br \/>\n30. Heilo J\u00e4rve 14:05.46<br \/>\n31. Indrek M\u00e4gi 14:12.55<br \/>\n32. Paavo Brauer 14:14.28<br \/>\n33. Ragne Randm\u00e4e 14:15.78<br \/>\n34. Anna-Liisa Land 14:23.44<br \/>\n35. Mikk Maaten 14:28.55<br \/>\n36. Riho Salum\u00e4e 14:30.55<br \/>\n37. Liisa Marie Printsmann 14:46.10<br \/>\n38. Paul Mikk 14:48.18<br \/>\n39. Ardo Tulp 14:49.10<br \/>\n40. Priit Hiob 14:50.61<br \/>\n41. K\u00fclli Hunt 14:50.96<br \/>\n42. Triin Sults 14:55.80<br \/>\n43. Riina Mardla 14:57.41<br \/>\n44. Sandor J\u00e4rvsoo 14:58.04<br \/>\n45. Madis Randaru 15:03.05<br \/>\n46. Einar Kaigas 15:04.30<br \/>\n47. Anett Joandi 15:04.68<br \/>\n48. Liisa Raudmets 15:09.30<br \/>\n49. Monis Brauer 15:09.69<br \/>\n50. Martin Hirv 15:14.15<br \/>\n51. Hanno Taal 15:16.43<br \/>\n52. Piret Hirv 15:17.40<br \/>\n53. Kuldar Hansen 15:18.55<br \/>\n54. Inga Teder 15:25.68<br \/>\n55. Jako Johannes K\u00f5uts 15:44.04<br \/>\n56. Ivar Peetersoo 15:45.69<br \/>\n57. Birgit Murum\u00e4gi 15:51.49<br \/>\n58. Tanel Toomsalu 15:54.71<br \/>\n59. Devin Saharov 15:56.73<br \/>\n60. Rasmus Leppik 15:57.23<br \/>\n61. Sune-Lii J\u00e4rvsoo 16:09.10<br \/>\n62. Hans Erik Puusep 16:12.05<br \/>\n63. Tanel Tamm 16:14.30<br \/>\n64. Kristen Kibe 16:16.88<br \/>\n65. Andres Siimon 16:20.35<br \/>\n66. Sandra Saharov 16:22.41<br \/>\n67. Kadri Soesoo 16:25.48<br \/>\n68. Mathias K\u00e4\u00e4pa 16:31.82<br \/>\n69. Andra Lebrett 16:36.18<br \/>\n70. Epp V\u00e4lba 16:36.65<br \/>\n71. Silvi Raudmets 16:41.29<br \/>\n72. Teele Toomsalu 16:43.56<br \/>\n73. Marek Siimon 16:45.85<br \/>\n74. Merit Laan 16:50.40<br \/>\n75. Karit Jaakson 16:57.74<br \/>\n76. Anneli T\u00f5nisson 17:08.62<br \/>\n77. Sander Kiis 17:16.81<br \/>\n78. Karin Vidder 17:24.49<br \/>\n79. Gerli Lepik 17:29.95<br \/>\n80. Hanne-Liisa Hiiem\u00e4e 17:47.57<br \/>\n81. Inger Mirka 17:48.54<br \/>\n82. Karin Mikk 18:35.17<br \/>\n83. Fredy Kohv 18:39.76<br \/>\n84. Jako Kink 18:52.81<br \/>\n85. Margit Kink 18:53.50<br \/>\n86. Teisi Toomsalu 19:00.07<br \/>\n87. Henry Venne 19:03.29<br \/>\n88. Robin Hirv 19:15.15<br \/>\n89. Maarja Hiiem\u00e4e 20:00.34<br \/>\n90. Daisy Sarjas 20:28.44<br \/>\n91. Liisa Kiis 21:26.64<br \/>\n92. Laura-Liisa Kibe 22:06.84<br \/>\n93. Raneli Sonk 22:07.69<br \/>\n94. K\u00e4tlin Silm 22:10.98<br \/>\n95. Ainika Lillakas 23:10.52<br \/>\n96. Helen Ilusk 23:28.71<br \/>\n97. Mariin Hubel 23:31.43<br \/>\n98. Gerly Tamm 23:35.34<br \/>\n99. Tristan Vildersen 23:51.55<br \/>\n100. Simona Brauer 24:25.28<br \/>\n101. Monika Brauer 24:25.98<br \/>\n102. Siim Brauer 24:26.56<br \/>\n103. Johanna Rebane 24:54.61<br \/>\n104. Ethel Mikk 25:00.92<br \/>\n105. Henri Rebane 25:08.94<br \/>\n106. Aili Piirak 25:53.97<br \/>\n107. Eve Mikk 25:56.35<br \/>\n108. Kennet-Koit Kukkur 26:05.44<br \/>\n109. Inge Peetersoo 26:06.11<br \/>\n110. Kull Maire 26:15.08<br \/>\n111. Tiiu Piir 26:21.44<br \/>\n112. Madis Hiiem\u00e4e 27:17.23<br \/>\n113. Herki Aan 27:18.07<br \/>\n114. Sander Hiiem\u00e4e 27:18.78<br \/>\n115. Marju Tiisler 28:00.10<br \/>\n116. Roger Sepp 29:41.24<br \/>\n117. Rivo Riiner 30:08.57<br \/>\n118. Kerli Suurkask 30:11.52<br \/>\n119. Mikk Paesalu 31:22.14<br \/>\n120. Mia Maria Sepp 35:40.61<\/p>\n","protected":false},"excerpt":{"rendered":"<p>XXXIV T\u00c4\u00c4KSI J\u00c4RVE JOOKS 12.MAI 2017 1. \u00dclari Kais 10:51.74 2. Raivo N\u00f5mm 10:59.76 3. Aaron Kais 11:08.23 4. Indrek Hubel 11:16.93 5. Janar P\u00e4hn 11:17.74 6. Marek K\u00fctt 11:42.15 7. Jaan J\u00e4nes 11:43.51 8. Janar Bergmann 11:48.26 9. Marek M\u00e4rtson 11:50.36 10. Jaanus Johanson 12:10.33 11. Mats Mikkor 12:17.39 12. Aleks Permyakov 12:25.62 13. [&hellip;]<\/p>\n","protected":false},"author":2,"featured_media":0,"parent":33,"menu_order":0,"comment_status":"closed","ping_status":"closed","template":"","meta":{"footnotes":""},"class_list":["post-3068","page","type-page","status-publish","hentry"],"_links":{"self":[{"href":"https:\/\/www.taaksi.vil.ee\/index.php?rest_route=\/wp\/v2\/pages\/3068"}],"collection":[{"href":"https:\/\/www.taaksi.vil.ee\/index.php?rest_route=\/wp\/v2\/pages"}],"about":[{"href":"https:\/\/www.taaksi.vil.ee\/index.php?rest_route=\/wp\/v2\/types\/page"}],"author":[{"embeddable":true,"href":"https:\/\/www.taaksi.vil.ee\/index.php?rest_route=\/wp\/v2\/users\/2"}],"replies":[{"embeddable":true,"href":"https:\/\/www.taaksi.vil.ee\/index.php?rest_route=%2Fwp%2Fv2%2Fcomments&post=3068"}],"version-history":[{"count":1,"href":"https:\/\/www.taaksi.vil.ee\/index.php?rest_route=\/wp\/v2\/pages\/3068\/revisions"}],"predecessor-version":[{"id":3069,"href":"https:\/\/www.taaksi.vil.ee\/index.php?rest_route=\/wp\/v2\/pages\/3068\/revisions\/3069"}],"up":[{"embeddable":true,"href":"https:\/\/www.taaksi.vil.ee\/index.php?rest_route=\/wp\/v2\/pages\/33"}],"wp:attachment":[{"href":"https:\/\/www.taaksi.vil.ee\/index.php?rest_route=%2Fwp%2Fv2%2Fmedia&parent=3068"}],"curies":[{"name":"wp","href":"https:\/\/api.w.org\/{rel}","templated":true}]}}