{"id":28,"date":"2013-03-17T02:16:50","date_gmt":"2013-03-17T00:16:50","guid":{"rendered":"http:\/\/www.taaksi.vil.ee\/?page_id=28"},"modified":"2022-09-05T21:42:40","modified_gmt":"2022-09-05T19:42:40","slug":"kontakt","status":"publish","type":"page","link":"https:\/\/www.taaksi.vil.ee\/?page_id=28","title":{"rendered":"Kontakt"},"content":{"rendered":"<p>Suure-Jaani Kooli T\u00e4\u00e4ksi \u00f5ppekoht<br \/>\nT\u00e4\u00e4ksi k\u00fcla<br \/>\n<span style=\"line-height: 1.4em;\">P\u00f5hja-Sakala\u00a0vald<br \/>\nViljandimaa<br \/>\n<\/span><span style=\"line-height: 1.4em;\">70402<\/span><\/p>\n<p>Telefonid T\u00e4\u00e4ksi koolimajas:<br \/>\n<span style=\"line-height: 1.4em;\">437 7442 &#8211; \u00f5petajate tuba<br \/>\n5357 5754 &#8211; lasteaed<\/span><\/p>\n<p>E-post:<br \/>\nmari.randaru@sjk.edu.ee<br \/>\ntaksikud@sjk.edu.ee<br \/>\nKodulehek\u00fclg: http:\/\/www.taaksi.vil.ee<\/p>\n<p><iframe loading=\"lazy\" src=\"https:\/\/maps.google.com\/maps\/ms?msid=214166128887797430235.0004d8abc26283877b61b&amp;msa=0&amp;ie=UTF8&amp;t=m&amp;ll=58.611195,26.021118&amp;spn=0.686665,1.757813&amp;z=9&amp;output=embed\" width=\"640\" height=\"480\" frameborder=\"3\" marginwidth=\"0\" marginheight=\"0\" scrolling=\"no\"><\/iframe><br \/>\n<small>Vaata <a style=\"color: #0000ff; text-align: left;\" href=\"https:\/\/maps.google.com\/maps\/ms?msid=214166128887797430235.0004d8abc26283877b61b&amp;msa=0&amp;ie=UTF8&amp;t=m&amp;ll=58.611195,26.021118&amp;spn=0.686665,1.757813&amp;z=9&amp;source=embed\">T\u00e4\u00e4ksi kooli<\/a> suurel kaardil<\/small><\/p>\n","protected":false},"excerpt":{"rendered":"<p>Suure-Jaani Kooli T\u00e4\u00e4ksi \u00f5ppekoht T\u00e4\u00e4ksi k\u00fcla P\u00f5hja-Sakala\u00a0vald Viljandimaa 70402 Telefonid T\u00e4\u00e4ksi koolimajas: 437 7442 &#8211; \u00f5petajate tuba 5357 5754 &#8211; lasteaed E-post: mari.randaru@sjk.edu.ee taksikud@sjk.edu.ee Kodulehek\u00fclg: http:\/\/www.taaksi.vil.ee Vaata T\u00e4\u00e4ksi kooli suurel kaardil<\/p>\n","protected":false},"author":2,"featured_media":0,"parent":0,"menu_order":0,"comment_status":"closed","ping_status":"closed","template":"","meta":{"footnotes":""},"class_list":["post-28","page","type-page","status-publish","hentry"],"_links":{"self":[{"href":"https:\/\/www.taaksi.vil.ee\/index.php?rest_route=\/wp\/v2\/pages\/28"}],"collection":[{"href":"https:\/\/www.taaksi.vil.ee\/index.php?rest_route=\/wp\/v2\/pages"}],"about":[{"href":"https:\/\/www.taaksi.vil.ee\/index.php?rest_route=\/wp\/v2\/types\/page"}],"author":[{"embeddable":true,"href":"https:\/\/www.taaksi.vil.ee\/index.php?rest_route=\/wp\/v2\/users\/2"}],"replies":[{"embeddable":true,"href":"https:\/\/www.taaksi.vil.ee\/index.php?rest_route=%2Fwp%2Fv2%2Fcomments&post=28"}],"version-history":[{"count":22,"href":"https:\/\/www.taaksi.vil.ee\/index.php?rest_route=\/wp\/v2\/pages\/28\/revisions"}],"predecessor-version":[{"id":5612,"href":"https:\/\/www.taaksi.vil.ee\/index.php?rest_route=\/wp\/v2\/pages\/28\/revisions\/5612"}],"wp:attachment":[{"href":"https:\/\/www.taaksi.vil.ee\/index.php?rest_route=%2Fwp%2Fv2%2Fmedia&parent=28"}],"curies":[{"name":"wp","href":"https:\/\/api.w.org\/{rel}","templated":true}]}}