{"id":2511,"date":"2016-05-06T22:27:39","date_gmt":"2016-05-06T20:27:39","guid":{"rendered":"http:\/\/www.taaksi.vil.ee\/?page_id=2511"},"modified":"2024-09-02T19:27:33","modified_gmt":"2024-09-02T17:27:33","slug":"taaksi-jarve-jooks-2016","status":"publish","type":"page","link":"https:\/\/www.taaksi.vil.ee\/?page_id=2511","title":{"rendered":"T\u00e4\u00e4ksi j\u00e4rve jooks 2016"},"content":{"rendered":"<p style=\"text-align: center;\"><strong>33. T\u00e4\u00e4ksi j\u00e4rve jooks<\/strong><br \/>\n<strong> 6. mail 2016<\/strong><\/p>\n<table style=\"width: 650px;\" border=\"0\">\n<tbody>\n<tr>\n<td style=\"width: 290px; vertical-align: top; font-family: verdana; font-weight: bold;\" rowspan=\"2\"><small style=\"font-size: 15px; font-weight: normal;\">1. \u00dclari Kais 10.12<br \/>\n2. Mart Andresson 10.21<br \/>\n3. Kermo Randm\u00e4e 10.43<br \/>\n4. Kris Gregor Edo 10.57<br \/>\n5. Jaan J\u00e4nes 11.04<br \/>\n6. Janar P\u00e4hn 11.19<br \/>\n7. Kevin Ervald 11.50<br \/>\n8. Aaron Kais 12.03<br \/>\n9. Andres Tamm 12.13<br \/>\n10. Mats Mikkor 12.19<br \/>\n11. Marek M\u00e4rtson 12.27<br \/>\n12. Raid Vellerind 12.28<br \/>\n13. Tarmo Vildersen 12.42<br \/>\n14. Heilo J\u00e4rve 12.43<br \/>\n15. Marko Kivisild 12.47<br \/>\n16. Heiki Randm\u00e4e 12.48<br \/>\n17. Priit Ervald 12.56<br \/>\n18. Kaarel Kuusik 12.58<br \/>\n19. Rebeca Lotta Aasm\u00e4e 12.58<br \/>\n20. Anette Peltser 12.59<br \/>\n21. Oliver Hirv 13.10<br \/>\n22. Silja Mikk 13.17<br \/>\n23. Markel Utsal 13.17<br \/>\n24. Edvin Ast 13.23<br \/>\n25. Margus Ibis 13.35<br \/>\n26. M\u00e4rt M\u00e4ll 14.04<br \/>\n27. Mehis Suigusaar 14.08<br \/>\n28. Riho Salum\u00e4e 14.14<br \/>\n29. Kaimar Tamm 14.17<br \/>\n30. Marek Laos 14.18<br \/>\n31. Kristjan Taidur 14.18<br \/>\n32. Paavo Brauer 14.19<br \/>\n33. Taivar Riiga 14.25<br \/>\n34. Sandor J\u00e4rvsoo 14.27<br \/>\n35. Marko Vildersen 14.30<br \/>\n36. Janek J\u00e4rvsoo 14.34<br \/>\n37. Toomas Salum\u00e4e 14.47<br \/>\n38. Indrek M\u00e4gi 14.50<br \/>\n39. Birgit Murum\u00e4gi 14.53<br \/>\n40. Madis Randaru 14.53<br \/>\n41. Triin Orgusaar 15.01<br \/>\n42. Piret Hirv 15.03<br \/>\n43. Ardo Tulp 15.05<br \/>\n44. Sten Vilumets 15.07<br \/>\n45. Danel Leppenen 15.08<br \/>\n46. Jako Johannes K\u00f5uts 15.08<br \/>\n47. Monis Brauer 15.21<br \/>\n48. Rain Liivoja 15.25<br \/>\n49. Andra Lebrett 15.27<br \/>\n50. Kuldar Hansen 15.29<br \/>\n51. Rein Tamm 15.35<br \/>\n52. Anni Kesk\u00fclla 15.45<br \/>\n53. Liisa Raudmets 15.51<br \/>\n54. Tauno Toomsalu 15.54<br \/>\n55. T\u00f5nu Randaru 15.56<br \/>\n56. Raiko Paas 15.57<br \/>\n57. Aino Perttunen 16.12<br \/>\n58. Priit-Kalev Parts 16.19<br \/>\n59. Sander Kiis 16.21<br \/>\n60. Hanna Karin Randaru 16.32<br \/>\n61. Robin Hirv 16.41<br \/>\n62. Sune-Lii J\u00e4rvsoo 16.51<br \/>\n63. Anneli T\u00f5nisson 16.54<br \/>\n64. Marika Peterson 17.03<br \/>\n65. Martin Hirv 17.05<br \/>\n66. Monika Brauer 17.11<br \/>\n67. Kelli Randm\u00e4e 17.20<br \/>\n68. Signe Hansen 17.49<br \/>\n69. Karit Jaakson 18.02<br \/>\n70. Rein Raudmets 18.03<br \/>\n71. Tiina Randaru 18.14<br \/>\n72. Kaisa Saar 18.20<br \/>\n73. Helen Akenp\u00e4rg 18.32<br \/>\n74. Helen-Sigrid Brauer 18.39<br \/>\n75. Inger Mirka 18.43<br \/>\n76. T\u00f5ru-T\u00f5nn Parts 18.52<br \/>\n77. Teele Toomsalu 18.59<br \/>\n78. Tuuli Randm\u00e4e 19.02<br \/>\n79. Mari Kivip\u00f5ld 19.15<br \/>\n80. Grete Uba 20.01<br \/>\n81. Einar Kaigas 20.02<br \/>\n82. Sandra Silm 20.05<br \/>\n83. P\u00e4rli Randm\u00e4e 20.44<br \/>\n84. Kalvi Randm\u00e4e 20.52<br \/>\n85. Liisa Kiis 22.17<br \/>\n86. Johanna Subi 22.25<br \/>\n87. Rivo Subi 22.26<br \/>\n88. Margit Luik 22.59<br \/>\n89. Maret M\u00e4ll 22.59<br \/>\n90. Kertu Kivisild 26.00<br \/>\n91. Kersti Kivisild 26.01<br \/>\n92. Roland Rebane 26.11<br \/>\n93. Kendra Kivisild 26.14<br \/>\n94. Thora Liisa Vildersen 26.35<br \/>\n95. Lauri Randaru 27.08<br \/>\n96. Saale Randaru 27.09<br \/>\n97. Simona Brauer 27.17<br \/>\n98. Siim Brauer 27.18<br \/>\n99. Suvi-Mari Parts 27.26<br \/>\n100. MASKOTT 28.27<br \/>\n101. Dorisanna \u0160ohirev 32.16<br \/>\n102. Gerly Tamm 32.17<br \/>\n103. Dan-Denry Sarjas 32.18<br \/>\n104. Johanna Rebane 33.02<br \/>\n105. Mirell Siimon 34.08<br \/>\n106. Sigrid Paas 34.09<br \/>\n107. Herki Aan 34.10<br \/>\n108. Sander Hiiem\u00e4e 34.11<br \/>\n109. Madis Hiiem\u00e4e 34.12<br \/>\n110. Mikk Ruben Paesalu 35.01<br \/>\n111. Leelo Sepp 35.01<br \/>\n112. Villu Sepp 35.01<br \/>\n113. Margus Paesalu 35.01<\/small><\/td>\n<td style=\"vertical-align: top; width: 320px;\">\u00a0<a href=\"http:\/\/www.taaksi.vil.ee\/wp-content\/uploads\/2016\/05\/2016-8.jpg\"><img loading=\"lazy\" decoding=\"async\" class=\"alignnone wp-image-2512 size-medium\" src=\"http:\/\/www.taaksi.vil.ee\/wp-content\/uploads\/2016\/05\/2016-8-300x169.jpg\" alt=\"2016-8\" width=\"300\" height=\"169\" srcset=\"https:\/\/www.taaksi.vil.ee\/wp-content\/uploads\/2016\/05\/2016-8-300x169.jpg 300w, https:\/\/www.taaksi.vil.ee\/wp-content\/uploads\/2016\/05\/2016-8-768x432.jpg 768w, https:\/\/www.taaksi.vil.ee\/wp-content\/uploads\/2016\/05\/2016-8-1024x576.jpg 1024w, https:\/\/www.taaksi.vil.ee\/wp-content\/uploads\/2016\/05\/2016-8-500x281.jpg 500w\" sizes=\"(max-width: 300px) 100vw, 300px\" \/><\/a><a href=\"http:\/\/www.taaksi.vil.ee\/wp-content\/uploads\/2016\/05\/2016-1.jpg\" rel=\"attachment wp-att-2513\"><img loading=\"lazy\" decoding=\"async\" class=\"alignnone size-medium wp-image-2513\" src=\"http:\/\/www.taaksi.vil.ee\/wp-content\/uploads\/2016\/05\/2016-1-300x169.jpg\" alt=\"2016-1\" width=\"300\" height=\"169\" srcset=\"https:\/\/www.taaksi.vil.ee\/wp-content\/uploads\/2016\/05\/2016-1-300x169.jpg 300w, https:\/\/www.taaksi.vil.ee\/wp-content\/uploads\/2016\/05\/2016-1-768x432.jpg 768w, https:\/\/www.taaksi.vil.ee\/wp-content\/uploads\/2016\/05\/2016-1-1024x576.jpg 1024w, https:\/\/www.taaksi.vil.ee\/wp-content\/uploads\/2016\/05\/2016-1-500x281.jpg 500w\" sizes=\"(max-width: 300px) 100vw, 300px\" \/><\/a><a href=\"http:\/\/www.taaksi.vil.ee\/wp-content\/uploads\/2016\/05\/2016-2.jpg\" rel=\"attachment wp-att-2514\"><img loading=\"lazy\" decoding=\"async\" class=\"alignnone size-medium wp-image-2514\" src=\"http:\/\/www.taaksi.vil.ee\/wp-content\/uploads\/2016\/05\/2016-2-300x169.jpg\" alt=\"2016-2\" width=\"300\" height=\"169\" srcset=\"https:\/\/www.taaksi.vil.ee\/wp-content\/uploads\/2016\/05\/2016-2-300x169.jpg 300w, https:\/\/www.taaksi.vil.ee\/wp-content\/uploads\/2016\/05\/2016-2-768x432.jpg 768w, https:\/\/www.taaksi.vil.ee\/wp-content\/uploads\/2016\/05\/2016-2-1024x576.jpg 1024w, https:\/\/www.taaksi.vil.ee\/wp-content\/uploads\/2016\/05\/2016-2-500x281.jpg 500w\" sizes=\"(max-width: 300px) 100vw, 300px\" \/><\/a><a href=\"http:\/\/www.taaksi.vil.ee\/wp-content\/uploads\/2016\/05\/2016-3.jpg\" rel=\"attachment wp-att-2515\"><img loading=\"lazy\" decoding=\"async\" class=\"alignnone size-medium wp-image-2515\" src=\"http:\/\/www.taaksi.vil.ee\/wp-content\/uploads\/2016\/05\/2016-3-300x169.jpg\" alt=\"2016-3\" width=\"300\" height=\"169\" srcset=\"https:\/\/www.taaksi.vil.ee\/wp-content\/uploads\/2016\/05\/2016-3-300x169.jpg 300w, https:\/\/www.taaksi.vil.ee\/wp-content\/uploads\/2016\/05\/2016-3-768x432.jpg 768w, https:\/\/www.taaksi.vil.ee\/wp-content\/uploads\/2016\/05\/2016-3-1024x576.jpg 1024w, https:\/\/www.taaksi.vil.ee\/wp-content\/uploads\/2016\/05\/2016-3-500x281.jpg 500w\" sizes=\"(max-width: 300px) 100vw, 300px\" \/><\/a><a href=\"http:\/\/www.taaksi.vil.ee\/wp-content\/uploads\/2016\/05\/2016-4.jpg\" rel=\"attachment wp-att-2516\"><img loading=\"lazy\" decoding=\"async\" class=\"alignnone size-medium wp-image-2516\" src=\"http:\/\/www.taaksi.vil.ee\/wp-content\/uploads\/2016\/05\/2016-4-300x169.jpg\" alt=\"2016-4\" width=\"300\" height=\"169\" srcset=\"https:\/\/www.taaksi.vil.ee\/wp-content\/uploads\/2016\/05\/2016-4-300x169.jpg 300w, https:\/\/www.taaksi.vil.ee\/wp-content\/uploads\/2016\/05\/2016-4-768x432.jpg 768w, https:\/\/www.taaksi.vil.ee\/wp-content\/uploads\/2016\/05\/2016-4-1024x576.jpg 1024w, https:\/\/www.taaksi.vil.ee\/wp-content\/uploads\/2016\/05\/2016-4-500x281.jpg 500w\" sizes=\"(max-width: 300px) 100vw, 300px\" \/><\/a><a href=\"http:\/\/www.taaksi.vil.ee\/wp-content\/uploads\/2016\/05\/2016-5.jpg\" rel=\"attachment wp-att-2517\"><img loading=\"lazy\" decoding=\"async\" class=\"alignnone size-medium wp-image-2517\" src=\"http:\/\/www.taaksi.vil.ee\/wp-content\/uploads\/2016\/05\/2016-5-300x169.jpg\" alt=\"2016-5\" width=\"300\" height=\"169\" srcset=\"https:\/\/www.taaksi.vil.ee\/wp-content\/uploads\/2016\/05\/2016-5-300x169.jpg 300w, https:\/\/www.taaksi.vil.ee\/wp-content\/uploads\/2016\/05\/2016-5-768x432.jpg 768w, https:\/\/www.taaksi.vil.ee\/wp-content\/uploads\/2016\/05\/2016-5-1024x576.jpg 1024w, https:\/\/www.taaksi.vil.ee\/wp-content\/uploads\/2016\/05\/2016-5-500x281.jpg 500w\" sizes=\"(max-width: 300px) 100vw, 300px\" \/><\/a><a href=\"http:\/\/www.taaksi.vil.ee\/wp-content\/uploads\/2016\/05\/2016-6.jpg\" rel=\"attachment wp-att-2518\"><img loading=\"lazy\" decoding=\"async\" class=\"alignnone size-medium wp-image-2518\" src=\"http:\/\/www.taaksi.vil.ee\/wp-content\/uploads\/2016\/05\/2016-6-300x168.jpg\" alt=\"2016-6\" width=\"300\" height=\"168\" srcset=\"https:\/\/www.taaksi.vil.ee\/wp-content\/uploads\/2016\/05\/2016-6-300x168.jpg 300w, https:\/\/www.taaksi.vil.ee\/wp-content\/uploads\/2016\/05\/2016-6-768x431.jpg 768w, https:\/\/www.taaksi.vil.ee\/wp-content\/uploads\/2016\/05\/2016-6-1024x575.jpg 1024w, https:\/\/www.taaksi.vil.ee\/wp-content\/uploads\/2016\/05\/2016-6-500x281.jpg 500w\" sizes=\"(max-width: 300px) 100vw, 300px\" \/><\/a><a href=\"http:\/\/www.taaksi.vil.ee\/wp-content\/uploads\/2016\/05\/2016-7.jpg\" rel=\"attachment wp-att-2519\"><img loading=\"lazy\" decoding=\"async\" class=\"alignnone size-medium wp-image-2519\" src=\"http:\/\/www.taaksi.vil.ee\/wp-content\/uploads\/2016\/05\/2016-7-300x169.jpg\" alt=\"2016-7\" width=\"300\" height=\"169\" srcset=\"https:\/\/www.taaksi.vil.ee\/wp-content\/uploads\/2016\/05\/2016-7-300x169.jpg 300w, https:\/\/www.taaksi.vil.ee\/wp-content\/uploads\/2016\/05\/2016-7-768x432.jpg 768w, https:\/\/www.taaksi.vil.ee\/wp-content\/uploads\/2016\/05\/2016-7-1024x576.jpg 1024w, https:\/\/www.taaksi.vil.ee\/wp-content\/uploads\/2016\/05\/2016-7-500x281.jpg 500w\" sizes=\"(max-width: 300px) 100vw, 300px\" \/><\/a><\/td>\n<\/tr>\n<tr>\n<td><\/td>\n<\/tr>\n<\/tbody>\n<\/table>\n","protected":false},"excerpt":{"rendered":"<p>33. T\u00e4\u00e4ksi j\u00e4rve jooks 6. mail 2016 1. \u00dclari Kais 10.12 2. Mart Andresson 10.21 3. Kermo Randm\u00e4e 10.43 4. Kris Gregor Edo 10.57 5. Jaan J\u00e4nes 11.04 6. Janar P\u00e4hn 11.19 7. Kevin Ervald 11.50 8. Aaron Kais 12.03 9. Andres Tamm 12.13 10. Mats Mikkor 12.19 11. Marek M\u00e4rtson 12.27 12. Raid Vellerind [&hellip;]<\/p>\n","protected":false},"author":2,"featured_media":0,"parent":33,"menu_order":0,"comment_status":"closed","ping_status":"closed","template":"","meta":{"footnotes":""},"class_list":["post-2511","page","type-page","status-publish","hentry"],"_links":{"self":[{"href":"https:\/\/www.taaksi.vil.ee\/index.php?rest_route=\/wp\/v2\/pages\/2511"}],"collection":[{"href":"https:\/\/www.taaksi.vil.ee\/index.php?rest_route=\/wp\/v2\/pages"}],"about":[{"href":"https:\/\/www.taaksi.vil.ee\/index.php?rest_route=\/wp\/v2\/types\/page"}],"author":[{"embeddable":true,"href":"https:\/\/www.taaksi.vil.ee\/index.php?rest_route=\/wp\/v2\/users\/2"}],"replies":[{"embeddable":true,"href":"https:\/\/www.taaksi.vil.ee\/index.php?rest_route=%2Fwp%2Fv2%2Fcomments&post=2511"}],"version-history":[{"count":10,"href":"https:\/\/www.taaksi.vil.ee\/index.php?rest_route=\/wp\/v2\/pages\/2511\/revisions"}],"predecessor-version":[{"id":2534,"href":"https:\/\/www.taaksi.vil.ee\/index.php?rest_route=\/wp\/v2\/pages\/2511\/revisions\/2534"}],"up":[{"embeddable":true,"href":"https:\/\/www.taaksi.vil.ee\/index.php?rest_route=\/wp\/v2\/pages\/33"}],"wp:attachment":[{"href":"https:\/\/www.taaksi.vil.ee\/index.php?rest_route=%2Fwp%2Fv2%2Fmedia&parent=2511"}],"curies":[{"name":"wp","href":"https:\/\/api.w.org\/{rel}","templated":true}]}}