{"id":220,"date":"2013-03-28T01:15:44","date_gmt":"2013-03-27T23:15:44","guid":{"rendered":"http:\/\/www.taaksi.vil.ee\/?page_id=220"},"modified":"2022-09-06T17:58:08","modified_gmt":"2022-09-06T15:58:08","slug":"valja-uurida-spordisaal","status":"publish","type":"page","link":"https:\/\/www.taaksi.vil.ee\/?page_id=220","title":{"rendered":"V\u00e4lja \u00fc\u00fcrida spordisaal"},"content":{"rendered":"<p><strong>Suveks \u00fc\u00fcrida v\u00e4lja spordisaal.<\/strong><a href=\"http:\/\/www.taaksi.vil.ee\/wp-content\/uploads\/2013\/03\/spordihoone2.jpg\"><img loading=\"lazy\" decoding=\"async\" class=\"size-full wp-image-221 alignright\" title=\"spordihoone\" src=\"http:\/\/www.taaksi.vil.ee\/wp-content\/uploads\/2013\/03\/spordihoone2.jpg\" alt=\"\" width=\"350\" height=\"231\" srcset=\"https:\/\/www.taaksi.vil.ee\/wp-content\/uploads\/2013\/03\/spordihoone2.jpg 350w, https:\/\/www.taaksi.vil.ee\/wp-content\/uploads\/2013\/03\/spordihoone2-300x198.jpg 300w\" sizes=\"(max-width: 350px) 100vw, 350px\" \/><\/a><\/p>\n<p><span style=\"line-height: 1.4em;\">T\u00e4\u00e4ksi kool asub Viljandimaal, Viljandist 17 km kaugusel asuvas looduskaunis T\u00e4\u00e4ksi k\u00fclas. Spordisaal valmis 2001.a. s\u00fcgisel. Saali mahub normaalm\u00f5\u00f5tmetega korvpalliv\u00e4ljak. V\u00f5imalik on m\u00e4ngida v\u00f5rkpalli ja sulgpalli ning on olemas v\u00e4ravpalli v\u00e4ravad.<\/span><\/p>\n<p>Lisaks spordisaali kasutamisele on v\u00f5imalik korraldada kooli s\u00f6\u00f6kla abil toitlustamine, samuti on v\u00f5imalik \u00f6\u00f6bimise korraldamine.<\/p>\n<p>T\u00e4\u00e4ksis on kaunis m\u00e4gine maastik ja on olemas j\u00e4rv, kus on v\u00f5imalik suvel ujumas k\u00e4ia. \u00d5ues v\u00f5imalus m\u00e4ngida v\u00f5rk- ja jalgpalli.<\/p>\n<p>&nbsp;<\/p>\n<p><a href=\"http:\/\/www.taaksi.vil.ee\/wp-content\/uploads\/2013\/03\/spordihoone_avamine.jpg\"><img loading=\"lazy\" decoding=\"async\" class=\"alignnone size-full wp-image-222\" title=\"spordihoone_avamine\" src=\"http:\/\/www.taaksi.vil.ee\/wp-content\/uploads\/2013\/03\/spordihoone_avamine.jpg\" alt=\"\" width=\"500\" height=\"326\" srcset=\"https:\/\/www.taaksi.vil.ee\/wp-content\/uploads\/2013\/03\/spordihoone_avamine.jpg 500w, https:\/\/www.taaksi.vil.ee\/wp-content\/uploads\/2013\/03\/spordihoone_avamine-300x195.jpg 300w, https:\/\/www.taaksi.vil.ee\/wp-content\/uploads\/2013\/03\/spordihoone_avamine-460x300.jpg 460w\" sizes=\"(max-width: 500px) 100vw, 500px\" \/><\/a><\/p>\n","protected":false},"excerpt":{"rendered":"<p>Suveks \u00fc\u00fcrida v\u00e4lja spordisaal. T\u00e4\u00e4ksi kool asub Viljandimaal, Viljandist 17 km kaugusel asuvas looduskaunis T\u00e4\u00e4ksi k\u00fclas. Spordisaal valmis 2001.a. s\u00fcgisel. Saali mahub normaalm\u00f5\u00f5tmetega korvpalliv\u00e4ljak. V\u00f5imalik on m\u00e4ngida v\u00f5rkpalli ja sulgpalli ning on olemas v\u00e4ravpalli v\u00e4ravad. Lisaks spordisaali kasutamisele on v\u00f5imalik korraldada kooli s\u00f6\u00f6kla abil toitlustamine, samuti on v\u00f5imalik \u00f6\u00f6bimise korraldamine. T\u00e4\u00e4ksis on kaunis m\u00e4gine maastik [&hellip;]<\/p>\n","protected":false},"author":2,"featured_media":0,"parent":31,"menu_order":2,"comment_status":"closed","ping_status":"closed","template":"","meta":{"footnotes":""},"class_list":["post-220","page","type-page","status-publish","hentry"],"_links":{"self":[{"href":"https:\/\/www.taaksi.vil.ee\/index.php?rest_route=\/wp\/v2\/pages\/220"}],"collection":[{"href":"https:\/\/www.taaksi.vil.ee\/index.php?rest_route=\/wp\/v2\/pages"}],"about":[{"href":"https:\/\/www.taaksi.vil.ee\/index.php?rest_route=\/wp\/v2\/types\/page"}],"author":[{"embeddable":true,"href":"https:\/\/www.taaksi.vil.ee\/index.php?rest_route=\/wp\/v2\/users\/2"}],"replies":[{"embeddable":true,"href":"https:\/\/www.taaksi.vil.ee\/index.php?rest_route=%2Fwp%2Fv2%2Fcomments&post=220"}],"version-history":[{"count":10,"href":"https:\/\/www.taaksi.vil.ee\/index.php?rest_route=\/wp\/v2\/pages\/220\/revisions"}],"predecessor-version":[{"id":5661,"href":"https:\/\/www.taaksi.vil.ee\/index.php?rest_route=\/wp\/v2\/pages\/220\/revisions\/5661"}],"up":[{"embeddable":true,"href":"https:\/\/www.taaksi.vil.ee\/index.php?rest_route=\/wp\/v2\/pages\/31"}],"wp:attachment":[{"href":"https:\/\/www.taaksi.vil.ee\/index.php?rest_route=%2Fwp%2Fv2%2Fmedia&parent=220"}],"curies":[{"name":"wp","href":"https:\/\/api.w.org\/{rel}","templated":true}]}}