{"id":209,"date":"2013-03-28T00:41:00","date_gmt":"2013-03-27T22:41:00","guid":{"rendered":"http:\/\/www.taaksi.vil.ee\/?page_id=209"},"modified":"2023-11-27T21:42:07","modified_gmt":"2023-11-27T19:42:07","slug":"treeningute-ajad-taaksi-voimlas","status":"publish","type":"page","link":"https:\/\/www.taaksi.vil.ee\/?page_id=209","title":{"rendered":"T\u00e4\u00e4ksi v\u00f5imla 2023\/24"},"content":{"rendered":"<p><strong>Esmasp\u00e4ev<br \/>\n<\/strong>10.00-10.45 \u00a0 \u00a0 \u00a0 \u00a0 \u00a0 \u00a0 \u00a0 \u00a0 \u00a0 \u00a0 \u00a0lasteaed<br \/>\n10.55-11.40 \u00a0 \u00a0 \u00a0 \u00a0 \u00a0 \u00a0 \u00a0 \u00a0 \u00a0 \u00a0 \u00a0\u00f5pilased<br \/>\n17.00-18.30<br \/>\n18.30-20.00 \u00a0 \u00a0 \u00a0 \u00a0 \u00a0 \u00a0 \u00a0 \u00a0 \u00a0 \u00a0 \u00a0\u00d5erutajad<br \/>\n20.00-21.30 \u00a0 \u00a0 \u00a0 \u00a0 \u00a0 \u00a0 \u00a0 \u00a0 \u00a0 \u00a0 \u00a0v\u00f5rkpall<\/p>\n<p><strong>Teisip\u00e4ev<br \/>\n<\/strong>10.00-10.45 \u00a0 \u00a0 \u00a0 \u00a0 \u00a0 \u00a0 \u00a0 \u00a0 \u00a0 \u00a0 \u00a0lasteaed<br \/>\n13.00-14.30\u00a0 \u00a0 \u00a0 \u00a0 \u00a0 \u00a0 \u00a0 \u00a0 \u00a0 \u00a0 \u00a0 laste jalgpall<br \/>\n15.00-16.30<br \/>\n18.30-20.00\u00a0 \u00a0 \u00a0 \u00a0 \u00a0 \u00a0 \u00a0 \u00a0 \u00a0 \u00a0 \u00a0\u00a0naiste rahvatants<br \/>\n20.00-21.30<\/p>\n<p><strong>Kolmap\u00e4ev<br \/>\n<\/strong>9.00- 10.45\u00a0 \u00a0 \u00a0 \u00a0 \u00a0 \u00a0 \u00a0 \u00a0 \u00a0 \u00a0\u00a0\u00a0 \u00a0\u00f5pilased<br \/>\n10.45-11.45<br \/>\n17.00-18.30<br \/>\n18.30-20.00\u00a0 \u00a0 \u00a0 \u00a0 \u00a0 \u00a0 \u00a0 \u00a0 \u00a0 \u00a0 \u00a0 \u00a0korvpall<br \/>\n20.00-21.30\u00a0\u00a0\u00a0\u00a0\u00a0\u00a0\u00a0\u00a0\u00a0\u00a0\u00a0\u00a0\u00a0\u00a0\u00a0\u00a0\u00a0\u00a0\u00a0\u00a0\u00a0\u00a0 v\u00f5rkpall<\/p>\n<p><strong>Neljap\u00e4ev<br \/>\n<\/strong>10.00-10.45 \u00a0 \u00a0 \u00a0 \u00a0 \u00a0 \u00a0 \u00a0 \u00a0 \u00a0 \u00a0 \u00a0 lasteaed<br \/>\n13.45-14.45\u00a0 \u00a0 \u00a0 \u00a0 \u00a0 \u00a0 \u00a0 \u00a0 \u00a0 \u00a0 \u00a0 \u00a0kooli rahvatants<br \/>\n17.30-19.00<br \/>\n19.00-20.00<br \/>\n20.00-22.00<\/p>\n<p><strong>Reede<br \/>\n<\/strong>9.00-10.45\u00a0\u00a0\u00a0 \u00a0 \u00a0 \u00a0 \u00a0 \u00a0 \u00a0 \u00a0 \u00a0 \u00a0 \u00a0 \u00f5pilased<strong><br \/>\n<\/strong>10.45-11.45 \u00a0 \u00a0 \u00a0 \u00a0 \u00a0 \u00a0 \u00a0 \u00a0 \u00a0 \u00a0 \u00a0 lasteaed<br \/>\n13.00-14.30\u00a0 \u00a0 \u00a0 \u00a0 \u00a0 \u00a0 \u00a0 \u00a0 \u00a0 \u00a0 \u00a0 \u00a0laste jalgpall<br \/>\n17.00-19.00<br \/>\n19.00-20.30\u00a0 \u00a0 \u00a0 \u00a0 \u00a0 \u00a0 \u00a0 \u00a0 \u00a0 \u00a0 \u00a0 \u00a0\u00d5erutajad<\/p>\n<p><strong>Laup\u00e4ev<br \/>\n<\/strong>16.00-17.30\u00a0\u00a0\u00a0\u00a0\u00a0\u00a0\u00a0\u00a0\u00a0\u00a0\u00a0\u00a0\u00a0\u00a0\u00a0\u00a0\u00a0\u00a0\u00a0\u00a0\u00a0\u00a0 korvpall<br \/>\n18.00-19.30 \u00a0 \u00a0 \u00a0 \u00a0 \u00a0 \u00a0 \u00a0 \u00a0 \u00a0 \u00a0 \u00a0 v\u00f5rkpall<\/p>\n<p>V\u00f5imla kasutamine maksab:<br \/>\n<span style=\"line-height: 1.4em;\">\u00fcksikkasutajal 1 euro 1,5 tundi,\u00a0<\/span><span style=\"line-height: 1.4em;\">kogu v\u00f5imla 10 eurot tund.<br \/>\nAlus:\u00a0<span style=\"text-decoration: underline;\"><a href=\"http:\/\/server.amphora.ee\/atp\/suurejaanivv\/index.aspx?df=75618\"><span style=\"line-height: 1.4em;\">Suure-Jaani Vallavalitsuse korraldus\u00a0nr. 559, 10.11.2016<\/span><\/a><\/span><\/span><span style=\"line-height: 1.4em;\"><span style=\"text-decoration: underline;\"><span style=\"line-height: 1.4em;\">.<\/span><\/span><br \/>\n<\/span><\/p>\n","protected":false},"excerpt":{"rendered":"<p>Esmasp\u00e4ev 10.00-10.45 \u00a0 \u00a0 \u00a0 \u00a0 \u00a0 \u00a0 \u00a0 \u00a0 \u00a0 \u00a0 \u00a0lasteaed 10.55-11.40 \u00a0 \u00a0 \u00a0 \u00a0 \u00a0 \u00a0 \u00a0 \u00a0 \u00a0 \u00a0 \u00a0\u00f5pilased 17.00-18.30 18.30-20.00 \u00a0 \u00a0 \u00a0 \u00a0 \u00a0 \u00a0 \u00a0 \u00a0 \u00a0 \u00a0 \u00a0\u00d5erutajad 20.00-21.30 \u00a0 \u00a0 \u00a0 \u00a0 \u00a0 \u00a0 \u00a0 \u00a0 \u00a0 \u00a0 \u00a0v\u00f5rkpall Teisip\u00e4ev 10.00-10.45 \u00a0 \u00a0 \u00a0 [&hellip;]<\/p>\n","protected":false},"author":2,"featured_media":0,"parent":31,"menu_order":1,"comment_status":"closed","ping_status":"closed","template":"","meta":{"footnotes":""},"class_list":["post-209","page","type-page","status-publish","hentry"],"_links":{"self":[{"href":"https:\/\/www.taaksi.vil.ee\/index.php?rest_route=\/wp\/v2\/pages\/209"}],"collection":[{"href":"https:\/\/www.taaksi.vil.ee\/index.php?rest_route=\/wp\/v2\/pages"}],"about":[{"href":"https:\/\/www.taaksi.vil.ee\/index.php?rest_route=\/wp\/v2\/types\/page"}],"author":[{"embeddable":true,"href":"https:\/\/www.taaksi.vil.ee\/index.php?rest_route=\/wp\/v2\/users\/2"}],"replies":[{"embeddable":true,"href":"https:\/\/www.taaksi.vil.ee\/index.php?rest_route=%2Fwp%2Fv2%2Fcomments&post=209"}],"version-history":[{"count":40,"href":"https:\/\/www.taaksi.vil.ee\/index.php?rest_route=\/wp\/v2\/pages\/209\/revisions"}],"predecessor-version":[{"id":6537,"href":"https:\/\/www.taaksi.vil.ee\/index.php?rest_route=\/wp\/v2\/pages\/209\/revisions\/6537"}],"up":[{"embeddable":true,"href":"https:\/\/www.taaksi.vil.ee\/index.php?rest_route=\/wp\/v2\/pages\/31"}],"wp:attachment":[{"href":"https:\/\/www.taaksi.vil.ee\/index.php?rest_route=%2Fwp%2Fv2%2Fmedia&parent=209"}],"curies":[{"name":"wp","href":"https:\/\/api.w.org\/{rel}","templated":true}]}}