{"id":1297,"date":"2014-07-01T14:08:35","date_gmt":"2014-07-01T12:08:35","guid":{"rendered":"http:\/\/www.taaksi.vil.ee\/?page_id=1297"},"modified":"2024-09-02T19:35:58","modified_gmt":"2024-09-02T17:35:58","slug":"taaksi-pohikooli-lopetajad-aastal-2014","status":"publish","type":"page","link":"https:\/\/www.taaksi.vil.ee\/?page_id=1297","title":{"rendered":"T\u00e4\u00e4ksi P\u00f5hikooli l\u00f5petajad aastal 2014"},"content":{"rendered":"<p>1. Herki Aan<br \/>\n<span style=\"line-height: 1.4em;\">2. Sander Hiiem\u00e4e<br \/>\n<\/span><span style=\"line-height: 1.4em;\">3. Danel Leppenen<br \/>\n<\/span><span style=\"line-height: 1.4em;\">4. Sigrid Paas<br \/>\n<\/span><span style=\"line-height: 1.4em;\">5. Rivo Valge<\/span><\/p>\n<p><a href=\"http:\/\/www.taaksi.vil.ee\/wp-content\/uploads\/2014\/07\/2014.jpg\"><img loading=\"lazy\" decoding=\"async\" class=\"alignnone size-large wp-image-1298\" title=\"2014\" src=\"http:\/\/www.taaksi.vil.ee\/wp-content\/uploads\/2014\/07\/2014-1024x916.jpg\" alt=\"\" width=\"640\" height=\"572\" srcset=\"https:\/\/www.taaksi.vil.ee\/wp-content\/uploads\/2014\/07\/2014-1024x916.jpg 1024w, https:\/\/www.taaksi.vil.ee\/wp-content\/uploads\/2014\/07\/2014-300x268.jpg 300w, https:\/\/www.taaksi.vil.ee\/wp-content\/uploads\/2014\/07\/2014-335x300.jpg 335w, https:\/\/www.taaksi.vil.ee\/wp-content\/uploads\/2014\/07\/2014.jpg 2034w\" sizes=\"(max-width: 640px) 100vw, 640px\" \/><\/a><\/p>\n","protected":false},"excerpt":{"rendered":"<p>1. Herki Aan 2. Sander Hiiem\u00e4e 3. Danel Leppenen 4. Sigrid Paas 5. Rivo Valge<\/p>\n","protected":false},"author":2,"featured_media":0,"parent":51,"menu_order":0,"comment_status":"closed","ping_status":"closed","template":"","meta":{"footnotes":""},"class_list":["post-1297","page","type-page","status-publish","hentry"],"_links":{"self":[{"href":"https:\/\/www.taaksi.vil.ee\/index.php?rest_route=\/wp\/v2\/pages\/1297"}],"collection":[{"href":"https:\/\/www.taaksi.vil.ee\/index.php?rest_route=\/wp\/v2\/pages"}],"about":[{"href":"https:\/\/www.taaksi.vil.ee\/index.php?rest_route=\/wp\/v2\/types\/page"}],"author":[{"embeddable":true,"href":"https:\/\/www.taaksi.vil.ee\/index.php?rest_route=\/wp\/v2\/users\/2"}],"replies":[{"embeddable":true,"href":"https:\/\/www.taaksi.vil.ee\/index.php?rest_route=%2Fwp%2Fv2%2Fcomments&post=1297"}],"version-history":[{"count":2,"href":"https:\/\/www.taaksi.vil.ee\/index.php?rest_route=\/wp\/v2\/pages\/1297\/revisions"}],"predecessor-version":[{"id":1300,"href":"https:\/\/www.taaksi.vil.ee\/index.php?rest_route=\/wp\/v2\/pages\/1297\/revisions\/1300"}],"up":[{"embeddable":true,"href":"https:\/\/www.taaksi.vil.ee\/index.php?rest_route=\/wp\/v2\/pages\/51"}],"wp:attachment":[{"href":"https:\/\/www.taaksi.vil.ee\/index.php?rest_route=%2Fwp%2Fv2%2Fmedia&parent=1297"}],"curies":[{"name":"wp","href":"https:\/\/api.w.org\/{rel}","templated":true}]}}