{"id":1172,"date":"2014-05-09T08:04:59","date_gmt":"2014-05-09T06:04:59","guid":{"rendered":"http:\/\/www.taaksi.vil.ee\/?page_id=1172"},"modified":"2022-09-06T21:08:30","modified_gmt":"2022-09-06T19:08:30","slug":"lastehoid","status":"publish","type":"page","link":"https:\/\/www.taaksi.vil.ee\/?page_id=1172","title":{"rendered":"Lasteaed"},"content":{"rendered":"<p>1. septembrist 2014 t\u00f6\u00f6tab T\u00e4\u00e4ksis lasteaiar\u00fchm. \u00a0Lasteaiateenuse kasutamisest huvitatud vanemate taotlused saata e-posti aadressile lasteaed.taksikud@gmail.com v\u00f5i tuua T\u00e4\u00e4ksi kooli.<\/p>\n<p>&nbsp;<\/p>\n","protected":false},"excerpt":{"rendered":"<p>1. septembrist 2014 t\u00f6\u00f6tab T\u00e4\u00e4ksis lasteaiar\u00fchm. \u00a0Lasteaiateenuse kasutamisest huvitatud vanemate taotlused saata e-posti aadressile lasteaed.taksikud@gmail.com v\u00f5i tuua T\u00e4\u00e4ksi kooli. &nbsp;<\/p>\n","protected":false},"author":2,"featured_media":0,"parent":0,"menu_order":9,"comment_status":"closed","ping_status":"closed","template":"","meta":{"footnotes":""},"class_list":["post-1172","page","type-page","status-publish","hentry"],"_links":{"self":[{"href":"https:\/\/www.taaksi.vil.ee\/index.php?rest_route=\/wp\/v2\/pages\/1172"}],"collection":[{"href":"https:\/\/www.taaksi.vil.ee\/index.php?rest_route=\/wp\/v2\/pages"}],"about":[{"href":"https:\/\/www.taaksi.vil.ee\/index.php?rest_route=\/wp\/v2\/types\/page"}],"author":[{"embeddable":true,"href":"https:\/\/www.taaksi.vil.ee\/index.php?rest_route=\/wp\/v2\/users\/2"}],"replies":[{"embeddable":true,"href":"https:\/\/www.taaksi.vil.ee\/index.php?rest_route=%2Fwp%2Fv2%2Fcomments&post=1172"}],"version-history":[{"count":12,"href":"https:\/\/www.taaksi.vil.ee\/index.php?rest_route=\/wp\/v2\/pages\/1172\/revisions"}],"predecessor-version":[{"id":5670,"href":"https:\/\/www.taaksi.vil.ee\/index.php?rest_route=\/wp\/v2\/pages\/1172\/revisions\/5670"}],"wp:attachment":[{"href":"https:\/\/www.taaksi.vil.ee\/index.php?rest_route=%2Fwp%2Fv2%2Fmedia&parent=1172"}],"curies":[{"name":"wp","href":"https:\/\/api.w.org\/{rel}","templated":true}]}}