{"id":103,"date":"2013-03-21T00:58:30","date_gmt":"2013-03-20T22:58:30","guid":{"rendered":"http:\/\/www.taaksi.vil.ee\/?page_id=103"},"modified":"2022-09-06T17:54:31","modified_gmt":"2022-09-06T15:54:31","slug":"suitsupriid","status":"publish","type":"page","link":"https:\/\/www.taaksi.vil.ee\/?page_id=103","title":{"rendered":"Suitsupriid"},"content":{"rendered":"<h4>Suitsuprii klassi v\u00f5istlus on Tervise Arengu Instituudi (TAI) suitsetamisvastane ennetusprogramm 4.-12. klasside \u00f5pilastele.<\/h4>\n<p>Konkursi eesm\u00e4rk on:<\/p>\n<ul>\n<li>ennetada v\u00f5i edasi l\u00fckata suitsetamise ja suitsuvabade tubakatoodete tarbimise alustamist laste ja noorte seas;<\/li>\n<li>motiveerida tubakat tarbivaid \u00f5pilasi sellest loobuma;<\/li>\n<li>toetada tubakavabadust kui eluviisi;<\/li>\n<li>aidata v\u00e4hendada noorte suitsetamist ja suitsuvabade tubakatoodete tarbimist.<\/li>\n<\/ul>\n<p>V\u00f5istlus kestab kuus kuud. V\u00f5istluses osalevad \u00f5pilased on oma allkirjaga lubanud j\u00e4\u00e4da kogu v\u00f5istluse perioodil tubakavabaks ehk siis mitte teha suitsu, t\u00f5mmata vesipiipu ega tarbida muid tubakatooteid.\u00a0<strong>V\u00f5istlus toimub vastastikuse aususe ja usalduse p\u00f5him\u00f5ttel, \u00f5pilased ja \u00f5petajad kontrollivad enda ja oma klassikaaslaste tubakavabaks j\u00e4\u00e4mist ise.<\/strong><\/p>\n<p>&nbsp;<\/p>\n<p>&nbsp;<\/p>\n","protected":false},"excerpt":{"rendered":"<p>Suitsuprii klassi v\u00f5istlus on Tervise Arengu Instituudi (TAI) suitsetamisvastane ennetusprogramm 4.-12. klasside \u00f5pilastele. Konkursi eesm\u00e4rk on: ennetada v\u00f5i edasi l\u00fckata suitsetamise ja suitsuvabade tubakatoodete tarbimise alustamist laste ja noorte seas; motiveerida tubakat tarbivaid \u00f5pilasi sellest loobuma; toetada tubakavabadust kui eluviisi; aidata v\u00e4hendada noorte suitsetamist ja suitsuvabade tubakatoodete tarbimist. V\u00f5istlus kestab kuus kuud. V\u00f5istluses osalevad \u00f5pilased [&hellip;]<\/p>\n","protected":false},"author":2,"featured_media":0,"parent":5637,"menu_order":3,"comment_status":"closed","ping_status":"closed","template":"","meta":{"footnotes":""},"class_list":["post-103","page","type-page","status-publish","hentry"],"_links":{"self":[{"href":"https:\/\/www.taaksi.vil.ee\/index.php?rest_route=\/wp\/v2\/pages\/103"}],"collection":[{"href":"https:\/\/www.taaksi.vil.ee\/index.php?rest_route=\/wp\/v2\/pages"}],"about":[{"href":"https:\/\/www.taaksi.vil.ee\/index.php?rest_route=\/wp\/v2\/types\/page"}],"author":[{"embeddable":true,"href":"https:\/\/www.taaksi.vil.ee\/index.php?rest_route=\/wp\/v2\/users\/2"}],"replies":[{"embeddable":true,"href":"https:\/\/www.taaksi.vil.ee\/index.php?rest_route=%2Fwp%2Fv2%2Fcomments&post=103"}],"version-history":[{"count":8,"href":"https:\/\/www.taaksi.vil.ee\/index.php?rest_route=\/wp\/v2\/pages\/103\/revisions"}],"predecessor-version":[{"id":5659,"href":"https:\/\/www.taaksi.vil.ee\/index.php?rest_route=\/wp\/v2\/pages\/103\/revisions\/5659"}],"up":[{"embeddable":true,"href":"https:\/\/www.taaksi.vil.ee\/index.php?rest_route=\/wp\/v2\/pages\/5637"}],"wp:attachment":[{"href":"https:\/\/www.taaksi.vil.ee\/index.php?rest_route=%2Fwp%2Fv2%2Fmedia&parent=103"}],"curies":[{"name":"wp","href":"https:\/\/api.w.org\/{rel}","templated":true}]}}