{"id":1017,"date":"2014-03-03T16:11:47","date_gmt":"2014-03-03T14:11:47","guid":{"rendered":"http:\/\/www.taaksi.vil.ee\/?page_id=1017"},"modified":"2014-03-03T16:29:08","modified_gmt":"2014-03-03T14:29:08","slug":"ainekavad","status":"publish","type":"page","link":"https:\/\/www.taaksi.vil.ee\/?page_id=1017","title":{"rendered":"Ainekavad"},"content":{"rendered":"<p><a href=\"http:\/\/www.ekk.edu.ee\/vvfiles\/0\/PK_Ainevaldkond_Keelkirjandus.doc\" target=\"_blank\">Ainevaldkond &#8220;Eesti keel ja kirjandus&#8221;<\/a><\/p>\n<p><a href=\"http:\/\/www.ekk.edu.ee\/orb.aw\/class=file\/action=preview\/id=114055\/PK_Ainevaldkond_Voorkeeled.doc\">Ainevaldkond &#8220;V\u00f5\u00f5rkeeled&#8221;<\/a><\/p>\n<p><a href=\"http:\/\/www.ekk.edu.ee\/orb.aw\/class=file\/action=preview\/id=114056\/PK_Ainevaldkond+_Matemaatika.doc\">Ainevaldkond &#8220;Matemaatika&#8221;<\/a><\/p>\n<p><a href=\"http:\/\/www.ekk.edu.ee\/orb.aw\/class=file\/action=preview\/id=114057\/PK_Ainevaldkond+_Loodusained.doc\">Ainevaldkond &#8220;Loodusained&#8221; (loodus\u00f5petus, bioloogia, geograafia, f\u00fc\u00fcsika, keemia)<\/a><\/p>\n<p><a href=\"http:\/\/www.ekk.edu.ee\/orb.aw\/class=file\/action=preview\/id=114058\/PK_Ainevaldkond+_Sotsiaalained.doc\">Ainevaldkond &#8220;Sotsiaalained&#8221; (ajalugu, \u00fchiskonna\u00f5petus, inimese\u00f5petus)<\/a><\/p>\n<p><a href=\"http:\/\/www.ekk.edu.ee\/orb.aw\/class=file\/action=preview\/id=114059\/PK_Ainevaldkond+_Kunstiained.doc\">Ainevaldkond &#8220;Kunst&#8221; (kunst, muusika)<\/a><\/p>\n<p><a href=\"http:\/\/www.ekk.edu.ee\/orb.aw\/class=file\/action=preview\/id=114060\/PK_Ainevaldkond_Tehnoloogia.doc\">Ainevaldkond &#8220;Tehnoloogia&#8221; (k\u00e4sit\u00f6\u00f6, t\u00f6\u00f6\u00f5petus, kodundus, tehnoloogia\u00f5petus)<\/a><\/p>\n<p><a href=\"http:\/\/www.ekk.edu.ee\/orb.aw\/class=file\/action=preview\/id=114061\/PK_Ainevaldkond_Kehaline_kasvatus.doc\">Ainevaldkond &#8220;Kehaline kasvatus&#8221;<\/a><\/p>\n","protected":false},"excerpt":{"rendered":"<p>Ainevaldkond &#8220;Eesti keel ja kirjandus&#8221; Ainevaldkond &#8220;V\u00f5\u00f5rkeeled&#8221; Ainevaldkond &#8220;Matemaatika&#8221; Ainevaldkond &#8220;Loodusained&#8221; (loodus\u00f5petus, bioloogia, geograafia, f\u00fc\u00fcsika, keemia) Ainevaldkond &#8220;Sotsiaalained&#8221; (ajalugu, \u00fchiskonna\u00f5petus, inimese\u00f5petus) Ainevaldkond &#8220;Kunst&#8221; (kunst, muusika) Ainevaldkond &#8220;Tehnoloogia&#8221; (k\u00e4sit\u00f6\u00f6, t\u00f6\u00f6\u00f5petus, kodundus, tehnoloogia\u00f5petus) Ainevaldkond &#8220;Kehaline kasvatus&#8221;<\/p>\n","protected":false},"author":6,"featured_media":0,"parent":44,"menu_order":0,"comment_status":"closed","ping_status":"closed","template":"","meta":{"footnotes":""},"class_list":["post-1017","page","type-page","status-publish","hentry"],"_links":{"self":[{"href":"https:\/\/www.taaksi.vil.ee\/index.php?rest_route=\/wp\/v2\/pages\/1017"}],"collection":[{"href":"https:\/\/www.taaksi.vil.ee\/index.php?rest_route=\/wp\/v2\/pages"}],"about":[{"href":"https:\/\/www.taaksi.vil.ee\/index.php?rest_route=\/wp\/v2\/types\/page"}],"author":[{"embeddable":true,"href":"https:\/\/www.taaksi.vil.ee\/index.php?rest_route=\/wp\/v2\/users\/6"}],"replies":[{"embeddable":true,"href":"https:\/\/www.taaksi.vil.ee\/index.php?rest_route=%2Fwp%2Fv2%2Fcomments&post=1017"}],"version-history":[{"count":5,"href":"https:\/\/www.taaksi.vil.ee\/index.php?rest_route=\/wp\/v2\/pages\/1017\/revisions"}],"predecessor-version":[{"id":1019,"href":"https:\/\/www.taaksi.vil.ee\/index.php?rest_route=\/wp\/v2\/pages\/1017\/revisions\/1019"}],"up":[{"embeddable":true,"href":"https:\/\/www.taaksi.vil.ee\/index.php?rest_route=\/wp\/v2\/pages\/44"}],"wp:attachment":[{"href":"https:\/\/www.taaksi.vil.ee\/index.php?rest_route=%2Fwp%2Fv2%2Fmedia&parent=1017"}],"curies":[{"name":"wp","href":"https:\/\/api.w.org\/{rel}","templated":true}]}}