{"id":101,"date":"2013-03-21T00:58:06","date_gmt":"2013-03-20T22:58:06","guid":{"rendered":"http:\/\/www.taaksi.vil.ee\/?page_id=101"},"modified":"2013-03-27T19:12:59","modified_gmt":"2013-03-27T17:12:59","slug":"looduse-opperada","status":"publish","type":"page","link":"https:\/\/www.taaksi.vil.ee\/?page_id=101","title":{"rendered":"Looduse \u00f5pperada"},"content":{"rendered":"<p><a href=\"http:\/\/faleza.taaksi.vil.ee\/Taaksi_Opperaja_veebileht\/taaksi_opperada.htm\" target=\"_blank\">T\u00e4\u00e4ksi loodus-ajalooline \u00f5pperada<\/a><\/p>\n","protected":false},"excerpt":{"rendered":"<p>T\u00e4\u00e4ksi loodus-ajalooline \u00f5pperada<\/p>\n","protected":false},"author":2,"featured_media":0,"parent":40,"menu_order":6,"comment_status":"closed","ping_status":"closed","template":"","meta":{"footnotes":""},"class_list":["post-101","page","type-page","status-publish","hentry"],"_links":{"self":[{"href":"https:\/\/www.taaksi.vil.ee\/index.php?rest_route=\/wp\/v2\/pages\/101"}],"collection":[{"href":"https:\/\/www.taaksi.vil.ee\/index.php?rest_route=\/wp\/v2\/pages"}],"about":[{"href":"https:\/\/www.taaksi.vil.ee\/index.php?rest_route=\/wp\/v2\/types\/page"}],"author":[{"embeddable":true,"href":"https:\/\/www.taaksi.vil.ee\/index.php?rest_route=\/wp\/v2\/users\/2"}],"replies":[{"embeddable":true,"href":"https:\/\/www.taaksi.vil.ee\/index.php?rest_route=%2Fwp%2Fv2%2Fcomments&post=101"}],"version-history":[{"count":2,"href":"https:\/\/www.taaksi.vil.ee\/index.php?rest_route=\/wp\/v2\/pages\/101\/revisions"}],"predecessor-version":[{"id":161,"href":"https:\/\/www.taaksi.vil.ee\/index.php?rest_route=\/wp\/v2\/pages\/101\/revisions\/161"}],"up":[{"embeddable":true,"href":"https:\/\/www.taaksi.vil.ee\/index.php?rest_route=\/wp\/v2\/pages\/40"}],"wp:attachment":[{"href":"https:\/\/www.taaksi.vil.ee\/index.php?rest_route=%2Fwp%2Fv2%2Fmedia&parent=101"}],"curies":[{"name":"wp","href":"https:\/\/api.w.org\/{rel}","templated":true}]}}